{"id":1325,"date":"2020-01-09T15:46:59","date_gmt":"2020-01-09T14:46:59","guid":{"rendered":"https:\/\/natureetresidencevillage.com\/?page_id=1325"},"modified":"2023-11-22T21:51:31","modified_gmt":"2023-11-22T20:51:31","slug":"mentions-legales","status":"publish","type":"page","link":"https:\/\/natureetresidencevillage.com\/en\/mentions-legales\/","title":{"rendered":"Legal information"},"content":{"rendered":"<div data-elementor-type=\"wp-page\" data-elementor-id=\"1325\" class=\"elementor elementor-1325\" data-elementor-post-type=\"page\">\n\t\t\t\t\t\t<section class=\"elementor-section elementor-top-section elementor-element elementor-element-54e0971 elementor-section-boxed elementor-section-height-default elementor-section-height-default\" data-id=\"54e0971\" data-element_type=\"section\" data-e-type=\"section\">\n\t\t\t\t\t\t<div class=\"elementor-container elementor-column-gap-default\">\n\t\t\t\t\t<div class=\"elementor-column elementor-col-100 elementor-top-column elementor-element elementor-element-ba7d219\" data-id=\"ba7d219\" data-element_type=\"column\" data-e-type=\"column\">\n\t\t\t<div class=\"elementor-widget-wrap elementor-element-populated\">\n\t\t\t\t\t\t<div class=\"elementor-element elementor-element-fd3d16b elementor-widget elementor-widget-heading\" data-id=\"fd3d16b\" data-element_type=\"widget\" data-e-type=\"widget\" data-widget_type=\"heading.default\">\n\t\t\t\t<div class=\"elementor-widget-container\">\n\t\t\t\t\t<h2 class=\"elementor-heading-title elementor-size-default\">MENTIONS L\u00c9GALES<\/h2>\t\t\t\t<\/div>\n\t\t\t\t<\/div>\n\t\t\t\t<div class=\"elementor-element elementor-element-b118ab6 elementor-widget elementor-widget-text-editor\" data-id=\"b118ab6\" data-element_type=\"widget\" data-e-type=\"widget\" data-widget_type=\"text-editor.default\">\n\t\t\t\t<div class=\"elementor-widget-container\">\n\t\t\t\t\t\t\t\t\t<p><strong>NATURE ET RESIDENCE GROUPE<sup><br \/><\/sup><\/strong>SAS Nature et R\u00e9sidence Groupe au capital de 6.000\u20ac<br \/>34B route de Pitoys \u2013 R\u00e9sidence Saltoki \u2013 64600 Anglet (France)<br \/>E-Mail : contact@natureetresidence.com<br \/>T\u00e9l\u00e9phone : 05 59 64 71 28<\/p><ul><li><strong>Raison sociale\u00a0:\u00a0<\/strong>NATURE ET RESIDENCE GROUPE<\/li><li><strong>Enseigne\u00a0:\u00a0<\/strong>NATURE ET RESIDENCE<\/li><li><strong>Num\u00e9ro Siren\u00a0:\u00a0<\/strong>514028364<\/li><li><strong>Num\u00e9ro Siret\u00a0:\u00a0<\/strong>51402836400024\u00a0(si\u00e8ge de l&rsquo;entreprise)<\/li><li><strong>Num\u00e9ro TVA intracommunautaire\u00a0:\u00a0<\/strong>FR56514028364 (<a href=\"https:\/\/entreprises.lefigaro.fr\/zerest-64\/entreprise-514028364#savoir-plus-tva\">en savoir plus<\/a>)<\/li><li><strong>Greffe\u00a0:\u00a0<\/strong><a href=\"https:\/\/entreprises.lefigaro.fr\/bayonne\/greffe-bayonne\">RCS Bayonne<\/a><\/li><li><strong>Code NAF \/ APE\u00a0:\u00a0<\/strong>6810Z (activit\u00e9s des marchands de biens immobiliers)<\/li><li><strong>Forme juridique\u00a0:\u00a0<\/strong>Soci\u00e9t\u00e9 par actions simplifi\u00e9e \u00e0 associ\u00e9 unique ou soci\u00e9t\u00e9 par actions simplifi\u00e9e unipersonnelle<\/li><\/ul><p><strong>CNIL :<\/strong><\/p><p>D\u00e9claration NS48 d\u00e9pos\u00e9e le 10 juillet 2017.<br \/>Num\u00e9ro CNIL : 2082643 v 0<em>\u00a0<\/em>(du\u00a0<em>11 juillet 2017<\/em>)<\/p><p><strong>H\u00e9bergement\u00a0et domaines :<\/strong><\/p><p>OVH SAS au capital de 10 069 020 \u20ac<br \/>Si\u00e8ge social : 2 rue Kellermann \u2013 59100 Roubaix \u2013 France<\/p><p><strong>Conception du site\u00a0:<\/strong><\/p><p>Agence Exprimer.\u00a0 180, rue Louis Armand. P\u00f4le d\u2019activit\u00e9s d\u2019Aix-en-Provence. 13290 Aix-en-Provence<\/p><p><strong>Cr\u00e9dits :<\/strong><\/p><p>www.istockphoto.com \/ \u00a9 Jean-Marc Lailheugue\u00a0<\/p><p>Thinkstock : Stanley Dai \/ Natalya Zaritskaya \/ Niklas Veenhuis \/ Irene D\u00e1vila<\/p>\t\t\t\t\t\t\t\t<\/div>\n\t\t\t\t<\/div>\n\t\t\t\t\t<\/div>\n\t\t<\/div>\n\t\t\t\t\t<\/div>\n\t\t<\/section>\n\t\t\t\t<\/div>","protected":false},"excerpt":{"rendered":"<p>MENTIONS L\u00c9GALES NATURE ET RESIDENCE GROUPE SAS Nature et R\u00e9sidence Groupe au capital de 6.000\u20ac 34B route de Pitoys \u2013 R\u00e9sidence Saltoki \u2013 64600 Anglet (France) E-Mail : contact@natureetresidence.com T\u00e9l\u00e9phone : 05 59 64 71 28 Raison sociale\u00a0:\u00a0NATURE ET RESIDENCE GROUPE Enseigne\u00a0:\u00a0NATURE ET RESIDENCE Num\u00e9ro Siren\u00a0:\u00a0514028364 Num\u00e9ro Siret\u00a0:\u00a051402836400024\u00a0(si\u00e8ge de l&rsquo;entreprise) Num\u00e9ro TVA intracommunautaire\u00a0:\u00a0FR56514028364 (en savoir &#8230; <a title=\"Legal information\" class=\"read-more\" href=\"https:\/\/natureetresidencevillage.com\/en\/mentions-legales\/\" aria-label=\"Read more about Mentions l\u00e9gales\">Read more<\/a><\/p>","protected":false},"author":1,"featured_media":0,"parent":0,"menu_order":0,"comment_status":"closed","ping_status":"closed","template":"elementor_header_footer","meta":{"_acf_changed":false,"footnotes":""},"class_list":["post-1325","page","type-page","status-publish"],"acf":[],"yoast_head":"<!-- This site is optimized with the Yoast SEO plugin v27.3 - https:\/\/yoast.com\/product\/yoast-seo-wordpress\/ -->\n<title>Mentions l\u00e9gales - Nature et R\u00e9sidence Village<\/title>\n<meta name=\"robots\" content=\"noindex, nofollow\" \/>\n<meta property=\"og:locale\" content=\"en_GB\" \/>\n<meta property=\"og:type\" content=\"article\" \/>\n<meta property=\"og:title\" content=\"Mentions l\u00e9gales - Nature et R\u00e9sidence Village\" \/>\n<meta property=\"og:description\" content=\"MENTIONS L\u00c9GALES NATURE ET RESIDENCE GROUPE SAS Nature et R\u00e9sidence Groupe au capital de 6.000\u20ac 34B route de Pitoys \u2013 R\u00e9sidence Saltoki \u2013 64600 Anglet (France) E-Mail : contact@natureetresidence.com T\u00e9l\u00e9phone : 05 59 64 71 28 Raison sociale\u00a0:\u00a0NATURE ET RESIDENCE GROUPE Enseigne\u00a0:\u00a0NATURE ET RESIDENCE Num\u00e9ro Siren\u00a0:\u00a0514028364 Num\u00e9ro Siret\u00a0:\u00a051402836400024\u00a0(si\u00e8ge de l&rsquo;entreprise) Num\u00e9ro TVA intracommunautaire\u00a0:\u00a0FR56514028364 (en savoir ... Read more\" \/>\n<meta property=\"og:url\" content=\"https:\/\/natureetresidencevillage.com\/en\/mentions-legales\/\" \/>\n<meta property=\"og:site_name\" content=\"Nature et R\u00e9sidence Village\" \/>\n<meta property=\"article:publisher\" content=\"https:\/\/www.facebook.com\/natureetresidence\/\" \/>\n<meta property=\"article:modified_time\" content=\"2023-11-22T20:51:31+00:00\" \/>\n<meta name=\"twitter:card\" content=\"summary_large_image\" \/>\n<meta name=\"twitter:label1\" content=\"Estimated reading time\" \/>\n\t<meta name=\"twitter:data1\" content=\"1 minute\" \/>\n<script type=\"application\/ld+json\" class=\"yoast-schema-graph\">{\"@context\":\"https:\\\/\\\/schema.org\",\"@graph\":[{\"@type\":\"WebPage\",\"@id\":\"https:\\\/\\\/natureetresidencevillage.com\\\/mentions-legales\\\/\",\"url\":\"https:\\\/\\\/natureetresidencevillage.com\\\/mentions-legales\\\/\",\"name\":\"Mentions l\u00e9gales - Nature et R\u00e9sidence Village\",\"isPartOf\":{\"@id\":\"https:\\\/\\\/natureetresidencevillage.com\\\/#website\"},\"datePublished\":\"2020-01-09T14:46:59+00:00\",\"dateModified\":\"2023-11-22T20:51:31+00:00\",\"breadcrumb\":{\"@id\":\"https:\\\/\\\/natureetresidencevillage.com\\\/mentions-legales\\\/#breadcrumb\"},\"inLanguage\":\"en-GB\",\"potentialAction\":[{\"@type\":\"ReadAction\",\"target\":[\"https:\\\/\\\/natureetresidencevillage.com\\\/mentions-legales\\\/\"]}]},{\"@type\":\"BreadcrumbList\",\"@id\":\"https:\\\/\\\/natureetresidencevillage.com\\\/mentions-legales\\\/#breadcrumb\",\"itemListElement\":[{\"@type\":\"ListItem\",\"position\":1,\"name\":\"Nature et R\u00e9sidence Village\",\"item\":\"https:\\\/\\\/natureetresidencevillage.com\\\/\"},{\"@type\":\"ListItem\",\"position\":2,\"name\":\"Mentions l\u00e9gales\"}]},{\"@type\":\"WebSite\",\"@id\":\"https:\\\/\\\/natureetresidencevillage.com\\\/#website\",\"url\":\"https:\\\/\\\/natureetresidencevillage.com\\\/\",\"name\":\"Nature et R\u00e9sidence Village\",\"description\":\"Un site utilisant WordPress\",\"publisher\":{\"@id\":\"https:\\\/\\\/natureetresidencevillage.com\\\/#organization\"},\"potentialAction\":[{\"@type\":\"SearchAction\",\"target\":{\"@type\":\"EntryPoint\",\"urlTemplate\":\"https:\\\/\\\/natureetresidencevillage.com\\\/?s={search_term_string}\"},\"query-input\":{\"@type\":\"PropertyValueSpecification\",\"valueRequired\":true,\"valueName\":\"search_term_string\"}}],\"inLanguage\":\"en-GB\"},{\"@type\":\"Organization\",\"@id\":\"https:\\\/\\\/natureetresidencevillage.com\\\/#organization\",\"name\":\"Nature & R\u00e9sidence Village\",\"url\":\"https:\\\/\\\/natureetresidencevillage.com\\\/\",\"logo\":{\"@type\":\"ImageObject\",\"inLanguage\":\"en-GB\",\"@id\":\"https:\\\/\\\/natureetresidencevillage.com\\\/#\\\/schema\\\/logo\\\/image\\\/\",\"url\":\"https:\\\/\\\/natureetresidencevillage.com\\\/wp-content\\\/uploads\\\/2019\\\/12\\\/logo-nature-residence-village-ss-baseline.jpg\",\"contentUrl\":\"https:\\\/\\\/natureetresidencevillage.com\\\/wp-content\\\/uploads\\\/2019\\\/12\\\/logo-nature-residence-village-ss-baseline.jpg\",\"width\":800,\"height\":280,\"caption\":\"Nature & R\u00e9sidence Village\"},\"image\":{\"@id\":\"https:\\\/\\\/natureetresidencevillage.com\\\/#\\\/schema\\\/logo\\\/image\\\/\"},\"sameAs\":[\"https:\\\/\\\/www.facebook.com\\\/natureetresidence\\\/\",\"https:\\\/\\\/www.instagram.com\\\/nature_et_residence\\\/\",\"https:\\\/\\\/www.pinterest.fr\\\/natureetresidence\\\/\"]}]}<\/script>\n<!-- \/ Yoast SEO plugin. -->","yoast_head_json":{"title":"Mentions l\u00e9gales - Nature et R\u00e9sidence Village","robots":{"index":"noindex","follow":"nofollow"},"og_locale":"en_GB","og_type":"article","og_title":"Mentions l\u00e9gales - Nature et R\u00e9sidence Village","og_description":"MENTIONS L\u00c9GALES NATURE ET RESIDENCE GROUPE SAS Nature et R\u00e9sidence Groupe au capital de 6.000\u20ac 34B route de Pitoys \u2013 R\u00e9sidence Saltoki \u2013 64600 Anglet (France) E-Mail : contact@natureetresidence.com T\u00e9l\u00e9phone : 05 59 64 71 28 Raison sociale\u00a0:\u00a0NATURE ET RESIDENCE GROUPE Enseigne\u00a0:\u00a0NATURE ET RESIDENCE Num\u00e9ro Siren\u00a0:\u00a0514028364 Num\u00e9ro Siret\u00a0:\u00a051402836400024\u00a0(si\u00e8ge de l&rsquo;entreprise) Num\u00e9ro TVA intracommunautaire\u00a0:\u00a0FR56514028364 (en savoir ... Read more","og_url":"https:\/\/natureetresidencevillage.com\/en\/mentions-legales\/","og_site_name":"Nature et R\u00e9sidence Village","article_publisher":"https:\/\/www.facebook.com\/natureetresidence\/","article_modified_time":"2023-11-22T20:51:31+00:00","twitter_card":"summary_large_image","twitter_misc":{"Estimated reading time":"1 minute"},"schema":{"@context":"https:\/\/schema.org","@graph":[{"@type":"WebPage","@id":"https:\/\/natureetresidencevillage.com\/mentions-legales\/","url":"https:\/\/natureetresidencevillage.com\/mentions-legales\/","name":"Mentions l\u00e9gales - Nature et R\u00e9sidence Village","isPartOf":{"@id":"https:\/\/natureetresidencevillage.com\/#website"},"datePublished":"2020-01-09T14:46:59+00:00","dateModified":"2023-11-22T20:51:31+00:00","breadcrumb":{"@id":"https:\/\/natureetresidencevillage.com\/mentions-legales\/#breadcrumb"},"inLanguage":"en-GB","potentialAction":[{"@type":"ReadAction","target":["https:\/\/natureetresidencevillage.com\/mentions-legales\/"]}]},{"@type":"BreadcrumbList","@id":"https:\/\/natureetresidencevillage.com\/mentions-legales\/#breadcrumb","itemListElement":[{"@type":"ListItem","position":1,"name":"Nature et R\u00e9sidence Village","item":"https:\/\/natureetresidencevillage.com\/"},{"@type":"ListItem","position":2,"name":"Mentions l\u00e9gales"}]},{"@type":"WebSite","@id":"https:\/\/natureetresidencevillage.com\/#website","url":"https:\/\/natureetresidencevillage.com\/","name":"Nature et R\u00e9sidence Village","description":"Un site utilisant WordPress","publisher":{"@id":"https:\/\/natureetresidencevillage.com\/#organization"},"potentialAction":[{"@type":"SearchAction","target":{"@type":"EntryPoint","urlTemplate":"https:\/\/natureetresidencevillage.com\/?s={search_term_string}"},"query-input":{"@type":"PropertyValueSpecification","valueRequired":true,"valueName":"search_term_string"}}],"inLanguage":"en-GB"},{"@type":"Organization","@id":"https:\/\/natureetresidencevillage.com\/#organization","name":"Nature & R\u00e9sidence Village","url":"https:\/\/natureetresidencevillage.com\/","logo":{"@type":"ImageObject","inLanguage":"en-GB","@id":"https:\/\/natureetresidencevillage.com\/#\/schema\/logo\/image\/","url":"https:\/\/natureetresidencevillage.com\/wp-content\/uploads\/2019\/12\/logo-nature-residence-village-ss-baseline.jpg","contentUrl":"https:\/\/natureetresidencevillage.com\/wp-content\/uploads\/2019\/12\/logo-nature-residence-village-ss-baseline.jpg","width":800,"height":280,"caption":"Nature & R\u00e9sidence Village"},"image":{"@id":"https:\/\/natureetresidencevillage.com\/#\/schema\/logo\/image\/"},"sameAs":["https:\/\/www.facebook.com\/natureetresidence\/","https:\/\/www.instagram.com\/nature_et_residence\/","https:\/\/www.pinterest.fr\/natureetresidence\/"]}]}},"_links":{"self":[{"href":"https:\/\/natureetresidencevillage.com\/en\/wp-json\/wp\/v2\/pages\/1325","targetHints":{"allow":["GET"]}}],"collection":[{"href":"https:\/\/natureetresidencevillage.com\/en\/wp-json\/wp\/v2\/pages"}],"about":[{"href":"https:\/\/natureetresidencevillage.com\/en\/wp-json\/wp\/v2\/types\/page"}],"author":[{"embeddable":true,"href":"https:\/\/natureetresidencevillage.com\/en\/wp-json\/wp\/v2\/users\/1"}],"replies":[{"embeddable":true,"href":"https:\/\/natureetresidencevillage.com\/en\/wp-json\/wp\/v2\/comments?post=1325"}],"version-history":[{"count":1,"href":"https:\/\/natureetresidencevillage.com\/en\/wp-json\/wp\/v2\/pages\/1325\/revisions"}],"predecessor-version":[{"id":11843,"href":"https:\/\/natureetresidencevillage.com\/en\/wp-json\/wp\/v2\/pages\/1325\/revisions\/11843"}],"wp:attachment":[{"href":"https:\/\/natureetresidencevillage.com\/en\/wp-json\/wp\/v2\/media?parent=1325"}],"curies":[{"name":"wp","href":"https:\/\/api.w.org\/{rel}","templated":true}]}}