{"id":3608,"date":"2020-02-28T11:29:38","date_gmt":"2020-02-28T10:29:38","guid":{"rendered":"https:\/\/natureetresidencevillage.com\/?page_id=3608"},"modified":"2023-06-09T11:31:22","modified_gmt":"2023-06-09T09:31:22","slug":"reglement-jeu-concours","status":"publish","type":"page","link":"https:\/\/natureetresidencevillage.com\/en\/reglement-jeu-concours\/","title":{"rendered":"R\u00c9GLEMENT DU JEU CONCOUR\u200b"},"content":{"rendered":"<div data-elementor-type=\"wp-page\" data-elementor-id=\"3608\" class=\"elementor elementor-3608\" data-elementor-post-type=\"page\">\n\t\t\t\t\t\t<section class=\"elementor-section elementor-top-section elementor-element elementor-element-7265506 elementor-section-boxed elementor-section-height-default elementor-section-height-default\" data-id=\"7265506\" data-element_type=\"section\" data-e-type=\"section\">\n\t\t\t\t\t\t<div class=\"elementor-container elementor-column-gap-default\">\n\t\t\t\t\t<div class=\"elementor-column elementor-col-100 elementor-top-column elementor-element elementor-element-35c24d9\" data-id=\"35c24d9\" data-element_type=\"column\" data-e-type=\"column\">\n\t\t\t<div class=\"elementor-widget-wrap elementor-element-populated\">\n\t\t\t\t\t\t<div class=\"elementor-element elementor-element-7de5781 elementor-widget elementor-widget-heading\" data-id=\"7de5781\" data-element_type=\"widget\" data-e-type=\"widget\" data-widget_type=\"heading.default\">\n\t\t\t\t<div class=\"elementor-widget-container\">\n\t\t\t\t\t<h2 class=\"elementor-heading-title elementor-size-default\">R\u00c9GLEMENT DU JEU CONCOURS<\/h2>\t\t\t\t<\/div>\n\t\t\t\t<\/div>\n\t\t\t\t<div class=\"elementor-element elementor-element-54ef15d elementor-widget elementor-widget-heading\" data-id=\"54ef15d\" data-element_type=\"widget\" data-e-type=\"widget\" data-widget_type=\"heading.default\">\n\t\t\t\t<div class=\"elementor-widget-container\">\n\t\t\t\t\t<h2 class=\"elementor-heading-title elementor-size-default\">\u00ab Un s\u00e9jour d\u2019une semaine pour 4 personnes au domaine Casa &amp; Natura en Corse ! \u00bb<\/h2>\t\t\t\t<\/div>\n\t\t\t\t<\/div>\n\t\t\t\t<div class=\"elementor-element elementor-element-ebe536e elementor-widget elementor-widget-spacer\" data-id=\"ebe536e\" data-element_type=\"widget\" data-e-type=\"widget\" data-widget_type=\"spacer.default\">\n\t\t\t\t<div class=\"elementor-widget-container\">\n\t\t\t\t\t\t\t<div class=\"elementor-spacer\">\n\t\t\t<div class=\"elementor-spacer-inner\"><\/div>\n\t\t<\/div>\n\t\t\t\t\t\t<\/div>\n\t\t\t\t<\/div>\n\t\t\t\t<div class=\"elementor-element elementor-element-9343a2b elementor-hidden-desktop elementor-hidden-tablet elementor-hidden-phone elementor-widget elementor-widget-heading\" data-id=\"9343a2b\" data-element_type=\"widget\" data-e-type=\"widget\" data-widget_type=\"heading.default\">\n\t\t\t\t<div class=\"elementor-widget-container\">\n\t\t\t\t\t<h2 class=\"elementor-heading-title elementor-size-default\">Le printemps Nature &amp; R\u00e9sidence : <b>du 4 avril au 3 mai<\/b><\/h2>\t\t\t\t<\/div>\n\t\t\t\t<\/div>\n\t\t\t\t<div class=\"elementor-element elementor-element-0f09ea3 elementor-hidden-desktop elementor-hidden-tablet elementor-hidden-phone elementor-widget elementor-widget-text-editor\" data-id=\"0f09ea3\" data-element_type=\"widget\" data-e-type=\"widget\" data-widget_type=\"text-editor.default\">\n\t\t\t\t<div class=\"elementor-widget-container\">\n\t\t\t\t\t\t\t\t\t<p>1 an de charges offertes + 4000\u20ac d\u2019\u00e9quipements sur pr\u00e9sentation de facture.<\/p><p>Les factures ne pourront \u00eatre qu\u2019en corr\u00e9lation direct avec les achats et budget limite fix\u00e9 sur la liste ci-dessous.<\/p><ul><li>Abri de jardin \u00e0 hauteur de 3000\u20ac,<\/li><li>Extension de terrasse \u00e0 hauteur de 3200\u20ac<\/li><li>\u00a0Linge \u00e0 hauteur de 700\u20ac<\/li><li>\u00a0Clim \u00e0 hauteur de 2400\u20ac<\/li><li>\u00a0Am\u00e9nagement espaces verts \u00e0 hauteur de 1000\u20ac<\/li><li>\u00a0Salon de jardin \u00e0 hauteur de 1000\u20ac<\/li><li>\u00a0Kit Vaisselle 6 personnes \u00e0 hauteur de 700\u20ac<\/li><li>\u00a0TV Ecran plat \u00e0 hauteur de 750\u20ac<\/li><li>\u00a01 ou 2 v\u00e9los \u00e9lectriques \u00e0 hauteur de 1500\u20ac<\/li><\/ul>\t\t\t\t\t\t\t\t<\/div>\n\t\t\t\t<\/div>\n\t\t\t\t<div class=\"elementor-element elementor-element-e58a104 elementor-widget elementor-widget-text-editor\" data-id=\"e58a104\" data-element_type=\"widget\" data-e-type=\"widget\" data-widget_type=\"text-editor.default\">\n\t\t\t\t<div class=\"elementor-widget-container\">\n\t\t\t\t\t\t\t\t\t<h3><strong>ARTICLE 1\u00a0: SOCIETE ORGANISATRICE <\/strong><\/h3><p>La soci\u00e9t\u00e9 NATURE ET RESIDENCE GROUPE, au capital de 651\u00a0105\u20ac, immatricul\u00e9e au R.C.S Bayonne sous le num\u00e9ro 514\u00a0028\u00a0364, dont le si\u00e8ge est situ\u00e9 au 34b route de Pitoys 64600 ANGLET, France (ci-apr\u00e8s \u00ab\u00a0Soci\u00e9t\u00e9 Organisatrice\u00a0\u00bb) organise un jeu gratuit sans obligation d\u2019achat (ci-apr\u00e8s, le \u00ab\u00a0Jeu\u00a0\u00bb). Le Jeu se tiendra du vendredi 11 d\u00e9cembre 2020 \u00e0 11h au vendredi 18 d\u00e9cembre 2020 \u00e0 10h59. Le pr\u00e9sent r\u00e8glement a pour objet de d\u00e9finir les droits et obligations de l\u2019Organisateur et du participant au Jeu.<\/p><p>\u00a0<\/p><h3><strong>ARTICLE 2\u00a0: ACCESSIBILITE DU JEU <\/strong><\/h3><p>La participation au Jeu est ouverte \u00e0 tout le monde quel que soit son lieu de r\u00e9sidence. Le Jeu a pour objet de d\u00e9signer un gagnant dans les conditions ci-apr\u00e8s d\u00e9crites.<\/p><p>\u00a0<\/p><h3><strong>ARTICLE 3\u00a0: ACCEPTATION DU REGLEMENT<\/strong><\/h3><p>La participation au Jeu implique l\u2019acceptation, sans aucune r\u00e9serve du participant au pr\u00e9sent r\u00e8glement et aux principes du Jeu. Tout contrevenant \u00e0 l\u2019un ou plusieurs des articles du pr\u00e9sent r\u00e8glement sera priv\u00e9 de la possibilit\u00e9 de participer au Jeu choisi, mais \u00e9galement du prix qu\u2019il aurait pu \u00e9ventuellement gagner. Le lot ne lui sera pas attribu\u00e9. Le gagnant doit accepter que son identit\u00e9 soit publi\u00e9e, sans pouvoir exiger une contrepartie quelconque ou s\u2019y opposer. Le pr\u00e9sent r\u00e8glement est disponible sur le compte Instagram annon\u00e7ant le Jeu \u00e0 partir du lien\u00a0: https:\/\/www.instagram.com\/nature_et_residence\/.<\/p><h3><strong>ARTICLE 4\u00a0: CONDITIONS DE PARTICIPATION <\/strong><\/h3><p>La participation au Jeu est ouverte \u00e0 toute personne physique, majeure, ayant pleine capacit\u00e9 juridique. Ne peuvent participer \u00e0 cette op\u00e9ration les membres du personnel de la soci\u00e9t\u00e9 ayant collabor\u00e9 \u00e0 son organisation, \u00e0 sa promotion et\/ou \u00e0 sa r\u00e9alisation ainsi qu\u2019aux membres de leur famille (conjoint, ascendants, descendants, fr\u00e8res et s\u0153urs).<\/p><p>\u00a0<\/p><h3><strong>ARTICLE 5\u00a0: PRINCIPES ET MODALITES DU JEU <\/strong><\/h3><h4><strong>ARTICLE 5.1\u00a0: Principes <\/strong><\/h4><p>Pendant la dur\u00e9e du Jeu, la participation se fait exclusivement sur le compte Instagram suivant \u00ab\u00a0@nature_et_residence\u00a0\u00bb. A ce titre, toute inscription par t\u00e9l\u00e9phone, courrier postal ou courrier \u00e9lectronique ne pourra \u00eatre prise en compte. La participation au Jeu implique tout naturellement une attitude responsable et digne signifiant le respect absolu des autres joueurs et des r\u00e8gles. Le Participant s\u2019engage \u00e0 ce que l\u2019intitul\u00e9 de son pseudonyme ou de la proposition soumise ne viole en aucune fa\u00e7on les droits des tiers, ne soit illicite, ni raciste, ni antis\u00e9mite, ni x\u00e9nophobe, ni diffamatoire, ni attentatoire aux bonnes m\u0153urs, et ne constitue pas des menaces \u00e0 des tiers.<\/p><h4><strong>ARTICLE 5.2\u00a0: Modalit\u00e9 du Jeu<\/strong><\/h4><p>Le Jeu se construit en trois \u00e9tapes.<\/p><ul><li><strong>\u00c9tape 1\u00a0:<\/strong> pour participer au tirage au sort, le Participant doit suivre le compte Instagram de \u00ab\u00a0@nature_et_residence\u00a0\u00bb.<\/li><li><strong>\u00c9tape\u00a02 :<\/strong> Le Participant doit cumulativement aimer et commenter le post publi\u00e9 sur le compte en \u00ab\u00a0tagguant\u00a0\u00bb la ou les personne(s) avec qui il souhaite voyager.<\/li><li><strong>\u00c9tape 3\u00a0:<\/strong> Le Participant doit r\u00e9pondre correctement \u00e0 la question suivante\u00a0: Quel est le nom du Domaine que se situe \u00e0 Olonzac en Occitanie\u00a0? En commentant ce post et en r\u00e9pondant \u00e0 la question, le Participant sera inscrit sur la liste du tirage au sort.<\/li><\/ul><p>Le Participant peut augmenter ses chances de gagner en commentant le post plusieurs fois, \u00e0 compter de son inscription initiale \u00e0 condition de r\u00e9pondre \u00e0 nouveau \u00e0 la question et d\u2019identifier une personne diff\u00e9rente par commentaire\u00a0: un commentaire suppl\u00e9mentaire avec un tag diff\u00e9rent sera consid\u00e9r\u00e9 comme une nouvelle participation. Chaque Participant peut participer sans limite de participation \u00e0 condition que le Participant respecte les conditions du Jeu concours. Il y aura un gagnant issu du tirage au sort. En participant au Jeu, le Participant accepte le r\u00e8glement du Jeu.<\/p><p>Les inscriptions seront closes le vendredi 18 d\u00e9cembre 2020 \u00e0 10h59. Seule l\u2019heure du syst\u00e8me informatique de la Soci\u00e9t\u00e9 Organisatrice fait foi.<\/p><p>La Soci\u00e9t\u00e9 Organisatrice se r\u00e9serve le droit de v\u00e9rifier les coordonn\u00e9es du gagnant et son authenticit\u00e9. Toute falsification entra\u00eene l\u2019\u00e9limination du Participant et\/ou du gagnant.<\/p><p>Le tirage au sort est organis\u00e9 au moyen d\u2019une application informatique de s\u00e9lection al\u00e9atoire et aura lieu le vendredi 18 d\u00e9cembre \u00e0 11h. Le gagnant devra avoir rempli toutes les conditions du jeu pour \u00eatre le vainqueur. Si ce n\u2019est pas le cas lors du premier tirage au sort alors la Soci\u00e9t\u00e9 Organisatrice se donne le droit de recommencer le tirage au sort jusqu\u2019\u00e0 ce que Le Participant remplisse tous les crit\u00e8res. Le r\u00e9sultat sera publi\u00e9 le jour m\u00eame sur le compte Instagram de \u00ab\u00a0@nature_et_residence\u00a0\u00bb en mentionnant le compte gagnant.<\/p><p>Le gagnant sera contact\u00e9 par message priv\u00e9 Instagram par la Soci\u00e9t\u00e9 Organisatrice et sera invit\u00e9 \u00e0 communiquer son nom, pr\u00e9nom, date de naissance, son adresse mail et son adresse postale dans un d\u00e9lai de 7 jours suivant la date de d\u00e9signation du gagnant, ce dernier sera consid\u00e9r\u00e9 comme ayant renonc\u00e9 \u00e0 son lot et il n\u2019y aura pas de nouveau gagnant d\u00e9sign\u00e9 pour ce lot.<\/p><p>Dans l\u2019hypoth\u00e8se o\u00f9 le gagnant refuserait de prendre possession de son lot, celui-ci doit avertir par e-mail la Soci\u00e9t\u00e9 Organisatrice. Aucune r\u00e9clamation ne sera accept\u00e9e et il ne pourra en aucun cas \u00eatre exig\u00e9 la contre-valeur du cadeau en esp\u00e8ces.<\/p><p>\u00a0<\/p><h3><strong>ARTICLE 6\u00a0: DOTATION <\/strong><\/h3><p>La Soci\u00e9t\u00e9 Organisatrice pr\u00e9voit l\u2019attribution pour le gagnant\u00a0:<\/p><ul><li>d\u2019un s\u00e9jour d\u2019une semaine pour 4 personnes au Domaine <em>Casa &amp; Natura<\/em> (Route T10 Lieu dit Oliva 20221 Santa-Maria-Poggio) en Corse, valable \u00e0 compter du 01\/01\/2021 et jusqu\u2019au 31\/12\/2021, dans la limite des places disponibles et hors juillet et ao\u00fbt.<\/li><\/ul><p>Le lot mis en jeu ne porte que sur l\u2019h\u00e9bergement. Les frais relatifs aux frais de d\u00e9placement jusqu\u2019\u00e0 la destination, les frais de restauration, les frais de transferts, etc\u2026 sont \u00e0 la charge du gagnant.<\/p><p>Pour r\u00e9server son s\u00e9jour, le gagnant devra contacter la soci\u00e9t\u00e9 par mail <a href=\"mailto:contact@casa-e-natura.corsica\">contact@casa-e-natura.corsica<\/a> ou par t\u00e9l\u00e9phone au 06 30 83 79 23.<\/p><p>La valeur totale du lot est de 690\u20ac Attention, la valeur du lot est donn\u00e9e \u00e0 titre indicatif et elle varie (\u00e0 la hausse comme \u00e0 la baisse) selon les dates de r\u00e9servation.<\/p><p>Chaque lot est nominatif, non commercialisable et ne peut \u00eatre attribu\u00e9 ou c\u00e9d\u00e9 \u00e0 un ou des tiers. Ils ne pourront donner lieu \u00e0 aucune contestation, ni \u00e0 la remise de sa contre-valeur en num\u00e9raire, ni \u00e9change ou remplacement.<\/p><p>Le gagnant autorise la Soci\u00e9t\u00e9 Organisatrice \u00e0 utiliser son nom et pr\u00e9nom dans toute manifestation publi-promotionnelle, sans que cette utilisation puisse ouvrir de droit ou de r\u00e9mun\u00e9ration autre que le lot gagn\u00e9. Si les coordonn\u00e9es du gagnant sont inexploitables, notamment illisibles, incompl\u00e8tes, erron\u00e9es, falsifi\u00e9es ou ne respectent pas les conditions de participation du pr\u00e9sent r\u00e8glement, ce dernier perdra le b\u00e9n\u00e9fice de son lot. La Soci\u00e9t\u00e9 Organisatrice d\u00e9cline express\u00e9ment toute responsabilit\u00e9 pour tous les incidents ou pr\u00e9judices de toute nature qui pourraient survenir en raison de la jouissance du prix attribu\u00e9 et\/ou fait de son utilisation, ce que le gagnant reconna\u00eet express\u00e9ment.<\/p><p>\u00a0<\/p><h3><strong>ARTICLE 7\u00a0: GRATUITE DE LA PARTICIPATION <\/strong><\/h3><p>Aucune contrepartie financi\u00e8re, ni d\u00e9pense sous quelque forme que ce soit, ne sera r\u00e9clam\u00e9e aux participants du fait de leur participation.<\/p><p>\u00a0<\/p><h3><strong>ARTICLE 8\u00a0: DROITS A VOS DONNEES PERSONNELLES <\/strong><\/h3><p>Conform\u00e9ment \u00e0 la loi \u00ab\u00a0Informatique et Libert\u00e9s\u00a0\u00bb vous disposez d\u2019un droit d\u2019acc\u00e8s, de modification, de rectification et de suppression de vos donn\u00e9es personnelles. Vous pouvez exercer ce droit en envoyant un courrier \u00e0\u00a0: Nature et R\u00e9sidence Groupe, 34b route de Pitoys, 64600 Anglet.<\/p><p>\u00a0<\/p><h3><strong>ARTICLE 9\u00a0: RESPONSABILITE <\/strong><\/h3><p>La Soci\u00e9t\u00e9 Organisatrice ne saurait encourir une quelconque responsabilit\u00e9 si, en cas de force majeur, elle \u00e9tait amen\u00e9e \u00e0 annuler le pr\u00e9sent jeu, \u00e0 l\u2019\u00e9courter, le prolonger, le reporter ou en modifier les conditions, sa responsabilit\u00e9 ne pouvant \u00eatre engag\u00e9e de ce fait. Dans tous les cas, elle se r\u00e9serve la possibilit\u00e9 de prolonger la p\u00e9riode de participation.<\/p><p>Ces changements feront toutefois l\u2019objet d\u2019une information pr\u00e9alable par tous les moyens appropri\u00e9s. En particulier, la Soci\u00e9t\u00e9 Organisatrice d\u00e9cline toute responsabilit\u00e9 en cas d\u2019indisponibilit\u00e9 du Site Instagram au cours de la dur\u00e9e du Jeu ou en cas de destruction des informations fournies par les Participants, fond\u00e9e sur des causes ext\u00e9rieures.<\/p><p>\u00a0<\/p><h3><strong>ARTICLE 10\u00a0: CONVENTION DE PREUVE <\/strong><\/h3><p>Il est express\u00e9ment convenu que les donn\u00e9es contenues dans les syst\u00e8mes d\u2019information de l\u2019Organisateur ont force probante, sauf erreur manifeste, quant aux \u00e9l\u00e9ments de connexion et aux informations r\u00e9sultant du tirage au sort relatif au Jeu.<\/p><p>\u00a0<\/p><h3><strong>ARTICLE 11\u00a0: DROIT APPLICABLE-DIFFERENDS<\/strong><\/h3><p>Le pr\u00e9sent r\u00e8glement est soumis \u00e0 la loi fran\u00e7aise.<\/p><p>Toute contestation relative au Jeu doit \u00eatre formul\u00e9e sur demande \u00e9crite \u00e0 l\u2019adresse suivante\u00a0:\u00a0Nature et R\u00e9sidence Groupe \u2013 34b route de Pitoys, 64600 Anglet \u2013 au plus tard dix jours apr\u00e8s la date limite de participation au Jeu. En cas de d\u00e9saccord persistant sur l\u2019application du pr\u00e9sent r\u00e8glement, la contestation sera soumise \u00e0 l\u2019appr\u00e9ciation souveraine du Tribunal de Grande Instance de Paris.<\/p><p>\u00a0<\/p>\t\t\t\t\t\t\t\t<\/div>\n\t\t\t\t<\/div>\n\t\t\t\t\t<\/div>\n\t\t<\/div>\n\t\t\t\t\t<\/div>\n\t\t<\/section>\n\t\t\t\t<\/div>","protected":false},"excerpt":{"rendered":"<p>R\u00c9GLEMENT DU JEU CONCOURS \u00ab Un s\u00e9jour d\u2019une semaine pour 4 personnes au domaine Casa &#038; Natura en Corse ! \u00bb Le printemps Nature &#038; R\u00e9sidence : du 4 avril au 3 mai 1 an de charges offertes + 4000\u20ac d\u2019\u00e9quipements sur pr\u00e9sentation de facture. Les factures ne pourront \u00eatre qu\u2019en corr\u00e9lation direct avec les &#8230; <a title=\"R\u00c9GLEMENT DU JEU CONCOUR\u200b\" class=\"read-more\" href=\"https:\/\/natureetresidencevillage.com\/en\/reglement-jeu-concours\/\" aria-label=\"Read more about R\u00c9GLEMENT DU JEU CONCOUR\u200b\">Read more<\/a><\/p>","protected":false},"author":1,"featured_media":0,"parent":0,"menu_order":0,"comment_status":"closed","ping_status":"closed","template":"elementor_header_footer","meta":{"_acf_changed":false,"footnotes":""},"class_list":["post-3608","page","type-page","status-publish"],"acf":[],"yoast_head":"<!-- This site is optimized with the Yoast SEO plugin v27.3 - https:\/\/yoast.com\/product\/yoast-seo-wordpress\/ -->\n<title>R\u00c9GLEMENT DU JEU CONCOUR\u200b - Nature et R\u00e9sidence Village<\/title>\n<meta name=\"robots\" content=\"index, follow, max-snippet:-1, max-image-preview:large, max-video-preview:-1\" \/>\n<link rel=\"canonical\" href=\"https:\/\/natureetresidencevillage.com\/en\/reglement-jeu-concours\/\" \/>\n<meta property=\"og:locale\" content=\"en_GB\" \/>\n<meta property=\"og:type\" content=\"article\" \/>\n<meta property=\"og:title\" content=\"R\u00c9GLEMENT DU JEU CONCOUR\u200b - Nature et R\u00e9sidence Village\" \/>\n<meta property=\"og:description\" content=\"R\u00c9GLEMENT DU JEU CONCOURS \u00ab Un s\u00e9jour d\u2019une semaine pour 4 personnes au domaine Casa &#038; Natura en Corse ! \u00bb Le printemps Nature &#038; R\u00e9sidence : du 4 avril au 3 mai 1 an de charges offertes + 4000\u20ac d\u2019\u00e9quipements sur pr\u00e9sentation de facture. Les factures ne pourront \u00eatre qu\u2019en corr\u00e9lation direct avec les ... Read more\" \/>\n<meta property=\"og:url\" content=\"https:\/\/natureetresidencevillage.com\/en\/reglement-jeu-concours\/\" \/>\n<meta property=\"og:site_name\" content=\"Nature et R\u00e9sidence Village\" \/>\n<meta property=\"article:publisher\" content=\"https:\/\/www.facebook.com\/natureetresidence\/\" \/>\n<meta property=\"article:modified_time\" content=\"2023-06-09T09:31:22+00:00\" \/>\n<meta name=\"twitter:card\" content=\"summary_large_image\" \/>\n<meta name=\"twitter:label1\" content=\"Estimated reading time\" \/>\n\t<meta name=\"twitter:data1\" content=\"8 minutes\" \/>\n<script type=\"application\/ld+json\" class=\"yoast-schema-graph\">{\"@context\":\"https:\\\/\\\/schema.org\",\"@graph\":[{\"@type\":\"WebPage\",\"@id\":\"https:\\\/\\\/natureetresidencevillage.com\\\/reglement-jeu-concours\\\/\",\"url\":\"https:\\\/\\\/natureetresidencevillage.com\\\/reglement-jeu-concours\\\/\",\"name\":\"R\u00c9GLEMENT DU JEU CONCOUR\u200b - Nature et R\u00e9sidence Village\",\"isPartOf\":{\"@id\":\"https:\\\/\\\/natureetresidencevillage.com\\\/#website\"},\"datePublished\":\"2020-02-28T10:29:38+00:00\",\"dateModified\":\"2023-06-09T09:31:22+00:00\",\"breadcrumb\":{\"@id\":\"https:\\\/\\\/natureetresidencevillage.com\\\/reglement-jeu-concours\\\/#breadcrumb\"},\"inLanguage\":\"en-GB\",\"potentialAction\":[{\"@type\":\"ReadAction\",\"target\":[\"https:\\\/\\\/natureetresidencevillage.com\\\/reglement-jeu-concours\\\/\"]}]},{\"@type\":\"BreadcrumbList\",\"@id\":\"https:\\\/\\\/natureetresidencevillage.com\\\/reglement-jeu-concours\\\/#breadcrumb\",\"itemListElement\":[{\"@type\":\"ListItem\",\"position\":1,\"name\":\"Nature et R\u00e9sidence Village\",\"item\":\"https:\\\/\\\/natureetresidencevillage.com\\\/\"},{\"@type\":\"ListItem\",\"position\":2,\"name\":\"R\u00c9GLEMENT DU JEU CONCOUR\u200b\"}]},{\"@type\":\"WebSite\",\"@id\":\"https:\\\/\\\/natureetresidencevillage.com\\\/#website\",\"url\":\"https:\\\/\\\/natureetresidencevillage.com\\\/\",\"name\":\"Nature et R\u00e9sidence Village\",\"description\":\"Un site utilisant WordPress\",\"publisher\":{\"@id\":\"https:\\\/\\\/natureetresidencevillage.com\\\/#organization\"},\"potentialAction\":[{\"@type\":\"SearchAction\",\"target\":{\"@type\":\"EntryPoint\",\"urlTemplate\":\"https:\\\/\\\/natureetresidencevillage.com\\\/?s={search_term_string}\"},\"query-input\":{\"@type\":\"PropertyValueSpecification\",\"valueRequired\":true,\"valueName\":\"search_term_string\"}}],\"inLanguage\":\"en-GB\"},{\"@type\":\"Organization\",\"@id\":\"https:\\\/\\\/natureetresidencevillage.com\\\/#organization\",\"name\":\"Nature & R\u00e9sidence Village\",\"url\":\"https:\\\/\\\/natureetresidencevillage.com\\\/\",\"logo\":{\"@type\":\"ImageObject\",\"inLanguage\":\"en-GB\",\"@id\":\"https:\\\/\\\/natureetresidencevillage.com\\\/#\\\/schema\\\/logo\\\/image\\\/\",\"url\":\"https:\\\/\\\/natureetresidencevillage.com\\\/wp-content\\\/uploads\\\/2019\\\/12\\\/logo-nature-residence-village-ss-baseline.jpg\",\"contentUrl\":\"https:\\\/\\\/natureetresidencevillage.com\\\/wp-content\\\/uploads\\\/2019\\\/12\\\/logo-nature-residence-village-ss-baseline.jpg\",\"width\":800,\"height\":280,\"caption\":\"Nature & R\u00e9sidence Village\"},\"image\":{\"@id\":\"https:\\\/\\\/natureetresidencevillage.com\\\/#\\\/schema\\\/logo\\\/image\\\/\"},\"sameAs\":[\"https:\\\/\\\/www.facebook.com\\\/natureetresidence\\\/\",\"https:\\\/\\\/www.instagram.com\\\/nature_et_residence\\\/\",\"https:\\\/\\\/www.pinterest.fr\\\/natureetresidence\\\/\"]}]}<\/script>\n<!-- \/ Yoast SEO plugin. -->","yoast_head_json":{"title":"R\u00c9GLEMENT DU JEU CONCOUR\u200b - Nature et R\u00e9sidence Village","robots":{"index":"index","follow":"follow","max-snippet":"max-snippet:-1","max-image-preview":"max-image-preview:large","max-video-preview":"max-video-preview:-1"},"canonical":"https:\/\/natureetresidencevillage.com\/en\/reglement-jeu-concours\/","og_locale":"en_GB","og_type":"article","og_title":"R\u00c9GLEMENT DU JEU CONCOUR\u200b - Nature et R\u00e9sidence Village","og_description":"R\u00c9GLEMENT DU JEU CONCOURS \u00ab Un s\u00e9jour d\u2019une semaine pour 4 personnes au domaine Casa &#038; Natura en Corse ! \u00bb Le printemps Nature &#038; R\u00e9sidence : du 4 avril au 3 mai 1 an de charges offertes + 4000\u20ac d\u2019\u00e9quipements sur pr\u00e9sentation de facture. Les factures ne pourront \u00eatre qu\u2019en corr\u00e9lation direct avec les ... Read more","og_url":"https:\/\/natureetresidencevillage.com\/en\/reglement-jeu-concours\/","og_site_name":"Nature et R\u00e9sidence Village","article_publisher":"https:\/\/www.facebook.com\/natureetresidence\/","article_modified_time":"2023-06-09T09:31:22+00:00","twitter_card":"summary_large_image","twitter_misc":{"Estimated reading time":"8 minutes"},"schema":{"@context":"https:\/\/schema.org","@graph":[{"@type":"WebPage","@id":"https:\/\/natureetresidencevillage.com\/reglement-jeu-concours\/","url":"https:\/\/natureetresidencevillage.com\/reglement-jeu-concours\/","name":"R\u00c9GLEMENT DU JEU CONCOUR\u200b - Nature et R\u00e9sidence Village","isPartOf":{"@id":"https:\/\/natureetresidencevillage.com\/#website"},"datePublished":"2020-02-28T10:29:38+00:00","dateModified":"2023-06-09T09:31:22+00:00","breadcrumb":{"@id":"https:\/\/natureetresidencevillage.com\/reglement-jeu-concours\/#breadcrumb"},"inLanguage":"en-GB","potentialAction":[{"@type":"ReadAction","target":["https:\/\/natureetresidencevillage.com\/reglement-jeu-concours\/"]}]},{"@type":"BreadcrumbList","@id":"https:\/\/natureetresidencevillage.com\/reglement-jeu-concours\/#breadcrumb","itemListElement":[{"@type":"ListItem","position":1,"name":"Nature et R\u00e9sidence Village","item":"https:\/\/natureetresidencevillage.com\/"},{"@type":"ListItem","position":2,"name":"R\u00c9GLEMENT DU JEU CONCOUR\u200b"}]},{"@type":"WebSite","@id":"https:\/\/natureetresidencevillage.com\/#website","url":"https:\/\/natureetresidencevillage.com\/","name":"Nature et R\u00e9sidence Village","description":"Un site utilisant WordPress","publisher":{"@id":"https:\/\/natureetresidencevillage.com\/#organization"},"potentialAction":[{"@type":"SearchAction","target":{"@type":"EntryPoint","urlTemplate":"https:\/\/natureetresidencevillage.com\/?s={search_term_string}"},"query-input":{"@type":"PropertyValueSpecification","valueRequired":true,"valueName":"search_term_string"}}],"inLanguage":"en-GB"},{"@type":"Organization","@id":"https:\/\/natureetresidencevillage.com\/#organization","name":"Nature & R\u00e9sidence Village","url":"https:\/\/natureetresidencevillage.com\/","logo":{"@type":"ImageObject","inLanguage":"en-GB","@id":"https:\/\/natureetresidencevillage.com\/#\/schema\/logo\/image\/","url":"https:\/\/natureetresidencevillage.com\/wp-content\/uploads\/2019\/12\/logo-nature-residence-village-ss-baseline.jpg","contentUrl":"https:\/\/natureetresidencevillage.com\/wp-content\/uploads\/2019\/12\/logo-nature-residence-village-ss-baseline.jpg","width":800,"height":280,"caption":"Nature & R\u00e9sidence Village"},"image":{"@id":"https:\/\/natureetresidencevillage.com\/#\/schema\/logo\/image\/"},"sameAs":["https:\/\/www.facebook.com\/natureetresidence\/","https:\/\/www.instagram.com\/nature_et_residence\/","https:\/\/www.pinterest.fr\/natureetresidence\/"]}]}},"_links":{"self":[{"href":"https:\/\/natureetresidencevillage.com\/en\/wp-json\/wp\/v2\/pages\/3608","targetHints":{"allow":["GET"]}}],"collection":[{"href":"https:\/\/natureetresidencevillage.com\/en\/wp-json\/wp\/v2\/pages"}],"about":[{"href":"https:\/\/natureetresidencevillage.com\/en\/wp-json\/wp\/v2\/types\/page"}],"author":[{"embeddable":true,"href":"https:\/\/natureetresidencevillage.com\/en\/wp-json\/wp\/v2\/users\/1"}],"replies":[{"embeddable":true,"href":"https:\/\/natureetresidencevillage.com\/en\/wp-json\/wp\/v2\/comments?post=3608"}],"version-history":[{"count":0,"href":"https:\/\/natureetresidencevillage.com\/en\/wp-json\/wp\/v2\/pages\/3608\/revisions"}],"wp:attachment":[{"href":"https:\/\/natureetresidencevillage.com\/en\/wp-json\/wp\/v2\/media?parent=3608"}],"curies":[{"name":"wp","href":"https:\/\/api.w.org\/{rel}","templated":true}]}}