{"id":4609,"date":"2020-08-25T12:13:51","date_gmt":"2020-08-25T10:13:51","guid":{"rendered":"https:\/\/natureetresidencevillage.com\/?page_id=4609"},"modified":"2023-06-08T12:41:12","modified_gmt":"2023-06-08T10:41:12","slug":"conditions-generales-de-vente","status":"publish","type":"page","link":"https:\/\/natureetresidencevillage.com\/en\/conditions-generales-de-vente\/","title":{"rendered":"Conditions g\u00e9n\u00e9rales de vente"},"content":{"rendered":"<div data-elementor-type=\"wp-page\" data-elementor-id=\"4609\" class=\"elementor elementor-4609\" data-elementor-post-type=\"page\">\n\t\t\t\t\t\t<section class=\"elementor-section elementor-top-section elementor-element elementor-element-7265506 elementor-section-boxed elementor-section-height-default elementor-section-height-default\" data-id=\"7265506\" data-element_type=\"section\" data-e-type=\"section\">\n\t\t\t\t\t\t<div class=\"elementor-container elementor-column-gap-default\">\n\t\t\t\t\t<div class=\"elementor-column elementor-col-100 elementor-top-column elementor-element elementor-element-35c24d9\" data-id=\"35c24d9\" data-element_type=\"column\" data-e-type=\"column\">\n\t\t\t<div class=\"elementor-widget-wrap elementor-element-populated\">\n\t\t\t\t\t\t<div class=\"elementor-element elementor-element-7de5781 elementor-widget elementor-widget-heading\" data-id=\"7de5781\" data-element_type=\"widget\" data-e-type=\"widget\" data-widget_type=\"heading.default\">\n\t\t\t\t<div class=\"elementor-widget-container\">\n\t\t\t\t\t<h1 class=\"elementor-heading-title elementor-size-default\">CONDITIONS G\u00c9N\u00c9RALES DE VENTE - OFFRE AUTOMNE<\/h1>\t\t\t\t<\/div>\n\t\t\t\t<\/div>\n\t\t\t\t<div class=\"elementor-element elementor-element-ebe536e elementor-widget elementor-widget-spacer\" data-id=\"ebe536e\" data-element_type=\"widget\" data-e-type=\"widget\" data-widget_type=\"spacer.default\">\n\t\t\t\t<div class=\"elementor-widget-container\">\n\t\t\t\t\t\t\t<div class=\"elementor-spacer\">\n\t\t\t<div class=\"elementor-spacer-inner\"><\/div>\n\t\t<\/div>\n\t\t\t\t\t\t<\/div>\n\t\t\t\t<\/div>\n\t\t\t\t<div class=\"elementor-element elementor-element-0f09ea3 elementor-widget elementor-widget-text-editor\" data-id=\"0f09ea3\" data-element_type=\"widget\" data-e-type=\"widget\" data-widget_type=\"text-editor.default\">\n\t\t\t\t<div class=\"elementor-widget-container\">\n\t\t\t\t\t\t\t\t\t<h2>Clause n\u00b0 1 : Objet<\/h2><p>Les conditions g\u00e9n\u00e9rales de vente d\u00e9crites ci-apr\u00e8s d\u00e9taillent les droits et obligations de la soci\u00e9t\u00e9 SAS NATURE &amp; RESIDENCE GROUPE et de son client dans le cadre de la vente de <strong>cottages neufs<\/strong> sur les parcs suivants :<\/p><ul><li>Domaine de La Grenati\u00e8re<\/li><li>Cottages du Lac de Jouarres<\/li><li>Les Clos de Gascogne<\/li><li>Le Domaine du Pr\u00e9<\/li><li>Les Cottages de La Baule<\/li><li>Le Domaine du T\u00e9no en partant sur le principe qu\u2019il restera des parcelles \u00e0 la vente<\/li><li>L\u2019Or\u00e9e d\u2019Arzal<\/li><li>Domaine de Coat Mor<\/li><\/ul><p>Toute prestation accomplie par la soci\u00e9t\u00e9 SAS NATURE &amp; RESIDENCE GROUPE implique donc l&rsquo;adh\u00e9sion sans r\u00e9serve de l&rsquo;acheteur aux pr\u00e9sentes conditions g\u00e9n\u00e9rales de vente.<\/p><h2>Clause n\u00b0 2 : Prix<\/h2><p>Les prix des marchandises vendues sont ceux en vigueur au jour de la prise de commande. Ils sont libell\u00e9s en euros et calcul\u00e9s toutes taxes comprises, pour certains, ils sont frais de notaires inclus.<br \/>La soci\u00e9t\u00e9 SAS NATURE &amp; RESIDENCE GROUPE s&rsquo;accorde le droit de modifier ses tarifs \u00e0 tout moment. Toutefois, elle s&rsquo;engage \u00e0 facturer les lots r\u00e9serv\u00e9s aux prix indiqu\u00e9s lors de l&rsquo;enregistrement de la commande.<\/p><h2>\u00a0<\/h2><h2>Clause n\u00b0 3 : Offre commerciale<\/h2><p>Pour toute r\u00e9servation entre le 03\/10\/2020 et le 01\/11\/2020\u00a0; comprenant un dossier complet et l\u2019acompte vers\u00e9\u00a0; la soci\u00e9t\u00e9 SAS NATURE &amp; RESIDENCE GROUPE s\u2019engage \u00e0 offrir\u00a0:<\/p><ul><li>1 an de charge<\/li><li>1 climatisation r\u00e9versible (valeur 2000\u20ac TTC)<\/li><li>1 TV \u00e9cran plat de 108 cm (valeur 500\u20ac TTC)<\/li><\/ul><h2>\u00a0<\/h2><h2>Clause n\u00b0 4 : Tribunal comp\u00e9tent<\/h2><p>Tout litige relatif \u00e0 l&rsquo;interpr\u00e9tation et \u00e0 l&rsquo;ex\u00e9cution des pr\u00e9sentes conditions g\u00e9n\u00e9rales de vente est soumis au droit fran\u00e7ais.<\/p><p>\u00c0 d\u00e9faut de r\u00e9solution amiable, le litige sera port\u00e9 devant le Tribunal de commerce de Bayonne.<\/p>\t\t\t\t\t\t\t\t<\/div>\n\t\t\t\t<\/div>\n\t\t\t\t\t<\/div>\n\t\t<\/div>\n\t\t\t\t\t<\/div>\n\t\t<\/section>\n\t\t\t\t<\/div>","protected":false},"excerpt":{"rendered":"<p>CONDITIONS G\u00c9N\u00c9RALES DE VENTE &#8211; OFFRE AUTOMNE Clause n\u00b0 1 : Objet Les conditions g\u00e9n\u00e9rales de vente d\u00e9crites ci-apr\u00e8s d\u00e9taillent les droits et obligations de la soci\u00e9t\u00e9 SAS NATURE &amp; RESIDENCE GROUPE et de son client dans le cadre de la vente de cottages neufs sur les parcs suivants : Domaine de La Grenati\u00e8re Cottages &#8230; <a title=\"Conditions g\u00e9n\u00e9rales de vente\" class=\"read-more\" href=\"https:\/\/natureetresidencevillage.com\/en\/conditions-generales-de-vente\/\" aria-label=\"Read more about Conditions g\u00e9n\u00e9rales de vente\">Read more<\/a><\/p>","protected":false},"author":1,"featured_media":0,"parent":0,"menu_order":0,"comment_status":"closed","ping_status":"closed","template":"elementor_header_footer","meta":{"_acf_changed":false,"footnotes":""},"class_list":["post-4609","page","type-page","status-publish"],"acf":[],"yoast_head":"<!-- This site is optimized with the Yoast SEO plugin v27.4 - https:\/\/yoast.com\/product\/yoast-seo-wordpress\/ -->\n<title>Conditions g\u00e9n\u00e9rales de vente - Nature et R\u00e9sidence Village<\/title>\n<meta name=\"robots\" content=\"index, follow, max-snippet:-1, max-image-preview:large, max-video-preview:-1\" \/>\n<link rel=\"canonical\" href=\"https:\/\/natureetresidencevillage.com\/en\/conditions-generales-de-vente\/\" \/>\n<meta property=\"og:locale\" content=\"en_GB\" \/>\n<meta property=\"og:type\" content=\"article\" \/>\n<meta property=\"og:title\" content=\"Conditions g\u00e9n\u00e9rales de vente - Nature et R\u00e9sidence Village\" \/>\n<meta property=\"og:description\" content=\"CONDITIONS G\u00c9N\u00c9RALES DE VENTE &#8211; OFFRE AUTOMNE Clause n\u00b0 1 : Objet Les conditions g\u00e9n\u00e9rales de vente d\u00e9crites ci-apr\u00e8s d\u00e9taillent les droits et obligations de la soci\u00e9t\u00e9 SAS NATURE &amp; RESIDENCE GROUPE et de son client dans le cadre de la vente de cottages neufs sur les parcs suivants : Domaine de La Grenati\u00e8re Cottages ... Read more\" \/>\n<meta property=\"og:url\" content=\"https:\/\/natureetresidencevillage.com\/en\/conditions-generales-de-vente\/\" \/>\n<meta property=\"og:site_name\" content=\"Nature et R\u00e9sidence Village\" \/>\n<meta property=\"article:publisher\" content=\"https:\/\/www.facebook.com\/natureetresidence\/\" \/>\n<meta property=\"article:modified_time\" content=\"2023-06-08T10:41:12+00:00\" \/>\n<meta name=\"twitter:card\" content=\"summary_large_image\" \/>\n<meta name=\"twitter:label1\" content=\"Estimated reading time\" \/>\n\t<meta name=\"twitter:data1\" content=\"1 minute\" \/>\n<script type=\"application\/ld+json\" class=\"yoast-schema-graph\">{\"@context\":\"https:\\\/\\\/schema.org\",\"@graph\":[{\"@type\":\"WebPage\",\"@id\":\"https:\\\/\\\/natureetresidencevillage.com\\\/conditions-generales-de-vente\\\/\",\"url\":\"https:\\\/\\\/natureetresidencevillage.com\\\/conditions-generales-de-vente\\\/\",\"name\":\"Conditions g\u00e9n\u00e9rales de vente - Nature et R\u00e9sidence Village\",\"isPartOf\":{\"@id\":\"https:\\\/\\\/natureetresidencevillage.com\\\/#website\"},\"datePublished\":\"2020-08-25T10:13:51+00:00\",\"dateModified\":\"2023-06-08T10:41:12+00:00\",\"breadcrumb\":{\"@id\":\"https:\\\/\\\/natureetresidencevillage.com\\\/conditions-generales-de-vente\\\/#breadcrumb\"},\"inLanguage\":\"en-GB\",\"potentialAction\":[{\"@type\":\"ReadAction\",\"target\":[\"https:\\\/\\\/natureetresidencevillage.com\\\/conditions-generales-de-vente\\\/\"]}]},{\"@type\":\"BreadcrumbList\",\"@id\":\"https:\\\/\\\/natureetresidencevillage.com\\\/conditions-generales-de-vente\\\/#breadcrumb\",\"itemListElement\":[{\"@type\":\"ListItem\",\"position\":1,\"name\":\"Nature et R\u00e9sidence Village\",\"item\":\"https:\\\/\\\/natureetresidencevillage.com\\\/\"},{\"@type\":\"ListItem\",\"position\":2,\"name\":\"Conditions g\u00e9n\u00e9rales de vente\"}]},{\"@type\":\"WebSite\",\"@id\":\"https:\\\/\\\/natureetresidencevillage.com\\\/#website\",\"url\":\"https:\\\/\\\/natureetresidencevillage.com\\\/\",\"name\":\"Nature et R\u00e9sidence Village\",\"description\":\"Un site utilisant WordPress\",\"publisher\":{\"@id\":\"https:\\\/\\\/natureetresidencevillage.com\\\/#organization\"},\"potentialAction\":[{\"@type\":\"SearchAction\",\"target\":{\"@type\":\"EntryPoint\",\"urlTemplate\":\"https:\\\/\\\/natureetresidencevillage.com\\\/?s={search_term_string}\"},\"query-input\":{\"@type\":\"PropertyValueSpecification\",\"valueRequired\":true,\"valueName\":\"search_term_string\"}}],\"inLanguage\":\"en-GB\"},{\"@type\":\"Organization\",\"@id\":\"https:\\\/\\\/natureetresidencevillage.com\\\/#organization\",\"name\":\"Nature & R\u00e9sidence Village\",\"url\":\"https:\\\/\\\/natureetresidencevillage.com\\\/\",\"logo\":{\"@type\":\"ImageObject\",\"inLanguage\":\"en-GB\",\"@id\":\"https:\\\/\\\/natureetresidencevillage.com\\\/#\\\/schema\\\/logo\\\/image\\\/\",\"url\":\"https:\\\/\\\/natureetresidencevillage.com\\\/wp-content\\\/uploads\\\/2019\\\/12\\\/logo-nature-residence-village-ss-baseline.jpg\",\"contentUrl\":\"https:\\\/\\\/natureetresidencevillage.com\\\/wp-content\\\/uploads\\\/2019\\\/12\\\/logo-nature-residence-village-ss-baseline.jpg\",\"width\":800,\"height\":280,\"caption\":\"Nature & R\u00e9sidence Village\"},\"image\":{\"@id\":\"https:\\\/\\\/natureetresidencevillage.com\\\/#\\\/schema\\\/logo\\\/image\\\/\"},\"sameAs\":[\"https:\\\/\\\/www.facebook.com\\\/natureetresidence\\\/\",\"https:\\\/\\\/www.instagram.com\\\/nature_et_residence\\\/\",\"https:\\\/\\\/www.pinterest.fr\\\/natureetresidence\\\/\"]}]}<\/script>\n<!-- \/ Yoast SEO plugin. -->","yoast_head_json":{"title":"Conditions g\u00e9n\u00e9rales de vente - Nature et R\u00e9sidence Village","robots":{"index":"index","follow":"follow","max-snippet":"max-snippet:-1","max-image-preview":"max-image-preview:large","max-video-preview":"max-video-preview:-1"},"canonical":"https:\/\/natureetresidencevillage.com\/en\/conditions-generales-de-vente\/","og_locale":"en_GB","og_type":"article","og_title":"Conditions g\u00e9n\u00e9rales de vente - Nature et R\u00e9sidence Village","og_description":"CONDITIONS G\u00c9N\u00c9RALES DE VENTE &#8211; OFFRE AUTOMNE Clause n\u00b0 1 : Objet Les conditions g\u00e9n\u00e9rales de vente d\u00e9crites ci-apr\u00e8s d\u00e9taillent les droits et obligations de la soci\u00e9t\u00e9 SAS NATURE &amp; RESIDENCE GROUPE et de son client dans le cadre de la vente de cottages neufs sur les parcs suivants : Domaine de La Grenati\u00e8re Cottages ... Read more","og_url":"https:\/\/natureetresidencevillage.com\/en\/conditions-generales-de-vente\/","og_site_name":"Nature et R\u00e9sidence Village","article_publisher":"https:\/\/www.facebook.com\/natureetresidence\/","article_modified_time":"2023-06-08T10:41:12+00:00","twitter_card":"summary_large_image","twitter_misc":{"Estimated reading time":"1 minute"},"schema":{"@context":"https:\/\/schema.org","@graph":[{"@type":"WebPage","@id":"https:\/\/natureetresidencevillage.com\/conditions-generales-de-vente\/","url":"https:\/\/natureetresidencevillage.com\/conditions-generales-de-vente\/","name":"Conditions g\u00e9n\u00e9rales de vente - Nature et R\u00e9sidence Village","isPartOf":{"@id":"https:\/\/natureetresidencevillage.com\/#website"},"datePublished":"2020-08-25T10:13:51+00:00","dateModified":"2023-06-08T10:41:12+00:00","breadcrumb":{"@id":"https:\/\/natureetresidencevillage.com\/conditions-generales-de-vente\/#breadcrumb"},"inLanguage":"en-GB","potentialAction":[{"@type":"ReadAction","target":["https:\/\/natureetresidencevillage.com\/conditions-generales-de-vente\/"]}]},{"@type":"BreadcrumbList","@id":"https:\/\/natureetresidencevillage.com\/conditions-generales-de-vente\/#breadcrumb","itemListElement":[{"@type":"ListItem","position":1,"name":"Nature et R\u00e9sidence Village","item":"https:\/\/natureetresidencevillage.com\/"},{"@type":"ListItem","position":2,"name":"Conditions g\u00e9n\u00e9rales de vente"}]},{"@type":"WebSite","@id":"https:\/\/natureetresidencevillage.com\/#website","url":"https:\/\/natureetresidencevillage.com\/","name":"Nature et R\u00e9sidence Village","description":"Un site utilisant WordPress","publisher":{"@id":"https:\/\/natureetresidencevillage.com\/#organization"},"potentialAction":[{"@type":"SearchAction","target":{"@type":"EntryPoint","urlTemplate":"https:\/\/natureetresidencevillage.com\/?s={search_term_string}"},"query-input":{"@type":"PropertyValueSpecification","valueRequired":true,"valueName":"search_term_string"}}],"inLanguage":"en-GB"},{"@type":"Organization","@id":"https:\/\/natureetresidencevillage.com\/#organization","name":"Nature & R\u00e9sidence Village","url":"https:\/\/natureetresidencevillage.com\/","logo":{"@type":"ImageObject","inLanguage":"en-GB","@id":"https:\/\/natureetresidencevillage.com\/#\/schema\/logo\/image\/","url":"https:\/\/natureetresidencevillage.com\/wp-content\/uploads\/2019\/12\/logo-nature-residence-village-ss-baseline.jpg","contentUrl":"https:\/\/natureetresidencevillage.com\/wp-content\/uploads\/2019\/12\/logo-nature-residence-village-ss-baseline.jpg","width":800,"height":280,"caption":"Nature & R\u00e9sidence Village"},"image":{"@id":"https:\/\/natureetresidencevillage.com\/#\/schema\/logo\/image\/"},"sameAs":["https:\/\/www.facebook.com\/natureetresidence\/","https:\/\/www.instagram.com\/nature_et_residence\/","https:\/\/www.pinterest.fr\/natureetresidence\/"]}]}},"_links":{"self":[{"href":"https:\/\/natureetresidencevillage.com\/en\/wp-json\/wp\/v2\/pages\/4609","targetHints":{"allow":["GET"]}}],"collection":[{"href":"https:\/\/natureetresidencevillage.com\/en\/wp-json\/wp\/v2\/pages"}],"about":[{"href":"https:\/\/natureetresidencevillage.com\/en\/wp-json\/wp\/v2\/types\/page"}],"author":[{"embeddable":true,"href":"https:\/\/natureetresidencevillage.com\/en\/wp-json\/wp\/v2\/users\/1"}],"replies":[{"embeddable":true,"href":"https:\/\/natureetresidencevillage.com\/en\/wp-json\/wp\/v2\/comments?post=4609"}],"version-history":[{"count":0,"href":"https:\/\/natureetresidencevillage.com\/en\/wp-json\/wp\/v2\/pages\/4609\/revisions"}],"wp:attachment":[{"href":"https:\/\/natureetresidencevillage.com\/en\/wp-json\/wp\/v2\/media?parent=4609"}],"curies":[{"name":"wp","href":"https:\/\/api.w.org\/{rel}","templated":true}]}}