{"id":5232,"date":"2021-04-19T10:39:39","date_gmt":"2021-04-19T08:39:39","guid":{"rendered":"https:\/\/natureetresidencevillage.com\/?page_id=5232"},"modified":"2023-12-22T09:39:52","modified_gmt":"2023-12-22T08:39:52","slug":"parrainage","status":"publish","type":"page","link":"https:\/\/natureetresidencevillage.com\/en\/parrainage\/","title":{"rendered":"Parrainage"},"content":{"rendered":"<div data-elementor-type=\"wp-page\" data-elementor-id=\"5232\" class=\"elementor elementor-5232\" data-elementor-post-type=\"page\">\n\t\t\t\t\t\t<section class=\"elementor-section elementor-top-section elementor-element elementor-element-7265506 elementor-section-boxed elementor-section-height-default elementor-section-height-default\" data-id=\"7265506\" data-element_type=\"section\" data-e-type=\"section\">\n\t\t\t\t\t\t<div class=\"elementor-container elementor-column-gap-default\">\n\t\t\t\t\t<div class=\"elementor-column elementor-col-100 elementor-top-column elementor-element elementor-element-35c24d9\" data-id=\"35c24d9\" data-element_type=\"column\" data-e-type=\"column\">\n\t\t\t<div class=\"elementor-widget-wrap elementor-element-populated\">\n\t\t\t\t\t\t<div class=\"elementor-element elementor-element-ebe536e elementor-widget elementor-widget-spacer\" data-id=\"ebe536e\" data-element_type=\"widget\" data-e-type=\"widget\" data-widget_type=\"spacer.default\">\n\t\t\t\t<div class=\"elementor-widget-container\">\n\t\t\t\t\t\t\t<div class=\"elementor-spacer\">\n\t\t\t<div class=\"elementor-spacer-inner\"><\/div>\n\t\t<\/div>\n\t\t\t\t\t\t<\/div>\n\t\t\t\t<\/div>\n\t\t\t\t\t<\/div>\n\t\t<\/div>\n\t\t\t\t\t<\/div>\n\t\t<\/section>\n\t\t\t\t<section class=\"elementor-section elementor-top-section elementor-element elementor-element-df21503 elementor-section-boxed elementor-section-height-default elementor-section-height-default\" data-id=\"df21503\" data-element_type=\"section\" data-e-type=\"section\">\n\t\t\t\t\t\t<div class=\"elementor-container elementor-column-gap-default\">\n\t\t\t\t\t<div class=\"elementor-column elementor-col-100 elementor-top-column elementor-element elementor-element-6852c30\" data-id=\"6852c30\" data-element_type=\"column\" data-e-type=\"column\">\n\t\t\t<div class=\"elementor-widget-wrap elementor-element-populated\">\n\t\t\t\t\t\t<div class=\"elementor-element elementor-element-7de5781 elementor-widget elementor-widget-heading\" data-id=\"7de5781\" data-element_type=\"widget\" data-e-type=\"widget\" data-widget_type=\"heading.default\">\n\t\t\t\t<div class=\"elementor-widget-container\">\n\t\t\t\t\t<h2 class=\"elementor-heading-title elementor-size-default\">R\u00c8GLEMENT DU PARRAINAGE<\/h2>\t\t\t\t<\/div>\n\t\t\t\t<\/div>\n\t\t\t\t<div class=\"elementor-element elementor-element-b3598c0 elementor-widget elementor-widget-text-editor\" data-id=\"b3598c0\" data-element_type=\"widget\" data-e-type=\"widget\" data-widget_type=\"text-editor.default\">\n\t\t\t\t<div class=\"elementor-widget-container\">\n\t\t\t\t\t\t\t\t\t<h3><strong>Article 1 &#8211; Objet du dispositif de Parrainage<\/strong><\/h3><p>La pr\u00e9sente op\u00e9ration de Parrainage est organis\u00e9e par la soci\u00e9t\u00e9 NATURE &amp; R\u00c9SIDENCE GROUPE (SAS au capital de 651\u00a0105 euros, dont le si\u00e8ge est situ\u00e9 34 B Route de Pitoys 64600 Anglet, immatricul\u00e9e au RCS de Bayonne sous le N\u00b0 514028964, repr\u00e9sent\u00e9e par NATURE &amp; R\u00c9SIDENCE VILLAGE, d\u00fbment habilit\u00e9 \u00e0 l\u2019effet des pr\u00e9sentes).<\/p><p>Cette op\u00e9ration a pour principal objectif de permettre \u00e0 NATURE &amp; R\u00c9SIDENCE VILLAGE d\u2019entrer en relation avec des prospects non connus de sa base de donn\u00e9es qui peuvent \u00eatre concern\u00e9s et int\u00e9ress\u00e9s par l\u2019achat d\u2019un cottage neuf sur un domaine NATURE &amp; R\u00c9SIDENCE VILLAGE par l\u2019interm\u00e9diaire de personnes physiques ou morales <em>(dont les conditions d\u2019\u00e9ligibilit\u00e9 sont pr\u00e9cis\u00e9es ci-apr\u00e8s)<\/em> qui souhaiteraient les parrainer.<\/p><p>En contrepartie de cette entr\u00e9e en relation, NATURE &amp; R\u00c9SIDENCE VILLAGE r\u00e9compensera les PARRAINS et FILLEULS \u00e9ligibles selon les modalit\u00e9s d\u00e9finies dans ce r\u00e8glement.<\/p><p>NATURE &amp; R\u00c9SIDENCE VILLAGE pourra, \u00e0 tout moment et sans pr\u00e9avis, modifier, suspendre ou faire cesser cette op\u00e9ration de Parrainage, en totalit\u00e9 ou en partie, sous la seule r\u00e9serve de ne pas porter pr\u00e9judice aux droits des PARRAINS et des FILLEULS pour les Parrainages d\u00e9j\u00e0 r\u00e9guli\u00e8rement enregistr\u00e9s (c\u2019est-\u00e0-dire pour lesquels l\u2019action de Parrainage r\u00e9alis\u00e9e par le coupon papier a \u00e9t\u00e9 valid\u00e9e par NATURE &amp; R\u00c9SIDENCE VILLAGE apr\u00e8s v\u00e9rification des conditions d\u2019\u00e9ligibilit\u00e9 telles que pr\u00e9cis\u00e9es ci-apr\u00e8s aux articles 2-2-1 \u00e0 2-2-5).<\/p><p>NATURE &amp; R\u00c9SIDENCE VILLAGE se veut, seul organisateur du Parrainage et seul juge, des crit\u00e8res d\u2019\u00e9ligibilit\u00e9s des PARRAINS et FILLEULS ainsi que du bon respect des conditions g\u00e9n\u00e9rales du Parrainage.<\/p>\t\t\t\t\t\t\t\t<\/div>\n\t\t\t\t<\/div>\n\t\t\t\t<div class=\"elementor-element elementor-element-27de16e elementor-widget elementor-widget-text-editor\" data-id=\"27de16e\" data-element_type=\"widget\" data-e-type=\"widget\" data-widget_type=\"text-editor.default\">\n\t\t\t\t<div class=\"elementor-widget-container\">\n\t\t\t\t\t\t\t\t\t<h3><strong>Article 2 &#8211; Description du Parrainage<\/strong><\/h3><p><strong><em>2-1 Qu\u2019est-ce que PARRAINER ?<\/em><\/strong><\/p><p>L\u2019action de Parrainage consiste pour le PARRAIN \u00e0 communiquer \u00e0 NATURE &amp; R\u00c9SIDENCE VILLAGE les coordonn\u00e9es \u00a0(Civilit\u00e9 \u2013 Nom \u2013 Pr\u00e9nom \u2013 T\u00e9l\u00e9phone \u2013 Adresse Mail \u2013 Adresse Postale) et de fa\u00e7on optionnelle la nature de son projet et le lieu si le PARRAIN le connait, d\u2019une personne physique majeure (ci-apr\u00e8s le \u00ab FILLEUL \u00bb) qu\u2019il pense pouvoir \u00eatre int\u00e9ress\u00e9 par l\u2019acquisition d\u2019un logement dans le cadre d\u2019un programme NATURE &amp; R\u00c9SIDENCE VILLAGE, qui contactera ledit FILLEUL pour l\u2019accompagner dans sa d\u00e9marche et lui proposer un bien dont il est le promoteur.<\/p><p><strong><em>2-2 Les diff\u00e9rentes \u00e9tape de validation du Parrainage\u00a0<\/em><\/strong><\/p><p><strong><em>2-2-1 Remplir le coupon de Parrainage<\/em><\/strong><strong><br \/><\/strong>\u00a0<br \/>Le PARRAIN et le FILLEUL remplissent le coupon de Parrainage, une fois rempli, le PARRAIN renvoi le bon \u00e0 l\u2019adresse mentionn\u00e9e sur le verso. Le PARRAIN est inform\u00e9 par mail de l\u2019acceptation ou non du Parrainage. Le FILLEUL est contact\u00e9 par un conseiller commercial NATURE &amp; R\u00c9SIDENCE VILLAGE<\/p><p>NATURE &amp; R\u00c9SIDENCE VILLAGE pourra refuser r\u00e9troactivement un parrainage initialement accept\u00e9 si les crit\u00e8res d\u2019\u00e9ligibilit\u00e9s sont constat\u00e9s comme non respect\u00e9s par un contr\u00f4le a posteriori du premier accord.<strong>\u00a0<\/strong><\/p><p><strong><em>2-2-2 Conditions d\u2019\u00e9ligibilit\u00e9 du PARRAIN<\/em><\/strong><\/p><ul><li>Le PARRAIN est une personne physique ou morale capable juridiquement.<\/li><li>Le PARRAIN est propri\u00e9taire sur un domaine NATURE &amp; R\u00c9SIDENCE VILLAGE (toute personne physique ou morale ayant sign\u00e9 un contrat de r\u00e9servation pour un cottage neuf ET une promesse d&rsquo;acte authentique d\u2019achat pour une parcelle sur l\u2019un des programmes immobiliers de NATURE &amp; R\u00c9SIDENCE VILLAGE).<\/li><li>Le PARRAIN n\u2019est pas un professionnel de l\u2019immobilier titulaire ou habilit\u00e9 par un titulaire, d\u2019une carte de transaction et\/ou de gestion.<\/li><li>Le PARRAIN n\u2019est pas un salari\u00e9 de NATURE &amp; R\u00c9SIDENCE GROUPE ou d\u2019une de ses filiales.<\/li><li>L\u2019Auto-Parrainage et le Parrainage entre membres d\u2019un m\u00eame foyer fiscal est interdit.<\/li><li>Le PARRAIN ne fait pas de son action de Parrainage une source r\u00e9guli\u00e8re de revenus.<\/li><li>Il ne peut y avoir qu\u2019un PARRAIN par Parrainage. Dans le cas o\u00f9 le nom d\u2019un m\u00eame \u00ab\u00a0FILLEUL\u00a0\u00bb serait communiqu\u00e9 par deux \u00ab\u00a0PARRAINS\u00a0\u00bb diff\u00e9rents, le formulaire pris en compte pour valider le parrainage sera celui adress\u00e9 en premier (le cach\u00e9 de la poste faisant foi)<\/li><li>Le PARRAIN ne b\u00e9n\u00e9ficie de son exon\u00e9ration de charges pr\u00e9vue dans l\u2019offre de Parrainage que si le FILLEUL \u00e9ligible finalise son acquisition jusqu\u2019\u00e0 la remise des cl\u00e9s d\u2019un cottage neuf exclusivement.<\/li><\/ul><p><strong><em>2-2-3 Conditions d\u2019\u00e9ligibilit\u00e9 du FILLEUL<\/em><\/strong><\/p><ul><li>Le FILLEUL doit \u00eatre une personne physique ou morale capable juridiquement.<\/li><li>Le FILLEUL ne doit pas avoir, \u00e0 la date de l\u2019enregistrement du Parrainage, eu des interactions (rendez-vous, propositions commerciales faites par tout support) avec NATURE &amp; R\u00c9SIDENCE GROUPE ou l\u2019une de ses filiales\u00a0lors des 6 derniers mois.<\/li><li>Le FILLEUL n\u2019est pas salari\u00e9 de NATURE &amp; R\u00c9SIDENCE GROUPE ou d\u2019une de ses filiales.<\/li><li>L\u2019acquisition d\u2019un cottage d\u2019occasion ne permet, ni au filleul, ni au parrain de b\u00e9n\u00e9ficier de l\u2019offre<\/li><li>Si au moment de la r\u00e9servation le Filleul \u00e0 l\u2019opportunit\u00e9 de b\u00e9n\u00e9ficier d\u2019une autre offre commerciale il ne pourra cumuler les deux et devra faire un choix. Quel que soit son choix son Parrain pourra quand m\u00eame b\u00e9n\u00e9ficier de son exon\u00e9ration de 6 mois de charges.<\/li><\/ul><p><strong><em>2-2-4 Nombre de Parrainages<\/em><\/strong><\/p><p>Le Parrain pourra d\u00e9clarer autant de filleuls qu\u2019il le souhaite.<\/p>\t\t\t\t\t\t\t\t<\/div>\n\t\t\t\t<\/div>\n\t\t\t\t<div class=\"elementor-element elementor-element-3899272 elementor-widget elementor-widget-text-editor\" data-id=\"3899272\" data-element_type=\"widget\" data-e-type=\"widget\" data-widget_type=\"text-editor.default\">\n\t\t\t\t<div class=\"elementor-widget-container\">\n\t\t\t\t\t\t\t\t\t<h3><strong>Article 3 \u2013 Gains<\/strong><\/h3><p><strong>\u00a0<\/strong><strong>Sous r\u00e9serve du respect des conditions pr\u00e9vues au pr\u00e9sent r\u00e8glement, un Parrainage abouti donne lieu aux dotations suivantes\u00a0:<\/strong><\/p><p><strong>Pour le PARRAIN\u00a0:<\/strong><\/p><ul><li>6 mois de charges offertes <strong>(Pour les charges d\u2019entretien et de copropri\u00e9t\u00e9)<\/strong> pour le lot figurant sur le bon de Parrainage, quel que soit le nombre d\u2019acquisition r\u00e9alis\u00e9 par son FILLEUL<em>.<\/em><\/li><li>L\u2019exon\u00e9ration des 6 mois de charges sera effective \u00e0 compter de la remise des cl\u00e9s par NATURE &amp; R\u00c9SIDENCE VILLAGE au FILLEUL.<\/li><li>L\u2019exon\u00e9ration des 6 mois de charges sont incessibles et ne pourront faire l&rsquo;objet de la part de la soci\u00e9t\u00e9 NATURE &amp; R\u00c9SIDENCE VILLAGE d\u2019un remboursement en esp\u00e8ces, ni d\u2019aucun \u00e9change, ni d\u2019aucune remise de leur contre-valeur totale ou partielle en num\u00e9raire.<\/li><\/ul><p><strong>Pour le FILLEUL\u00a0:<\/strong><\/p><ul><li>Un accompagnement tout au long de son projet immobilier ainsi que l\u2019expertise NATURE &amp; R\u00c9SIDENCE VILLAGE.<\/li><li>6 mois de charges offertes <strong>(Pour les charges d\u2019entretien et de copropri\u00e9t\u00e9) <\/strong>pour le lot acquis sur l\u2019un des domaines NATURE &amp; R\u00c9SIDENCE VILLAGE.<\/li><li>L\u2019exon\u00e9ration des 6 mois de charges sera effective \u00e0 compter de la remise des cl\u00e9s par NATURE &amp; R\u00c9SIDENCE VILLAGE au FILLEUL.<\/li><li>Les exon\u00e9rations de charges sont incessibles et ne pourront faire l&rsquo;objet de la part de la soci\u00e9t\u00e9 NATURE &amp; R\u00c9SIDENCE VILLAGE d\u2019un remboursement en esp\u00e8ces, ni d\u2019aucun \u00e9change, ni d\u2019aucune remise de leur contre-valeur totale ou partielle en num\u00e9raire.<\/li><\/ul>\t\t\t\t\t\t\t\t<\/div>\n\t\t\t\t<\/div>\n\t\t\t\t<div class=\"elementor-element elementor-element-bcb352c elementor-widget elementor-widget-text-editor\" data-id=\"bcb352c\" data-element_type=\"widget\" data-e-type=\"widget\" data-widget_type=\"text-editor.default\">\n\t\t\t\t<div class=\"elementor-widget-container\">\n\t\t\t\t\t\t\t\t\t<h3><strong>Article 4 &#8211; Donn\u00e9es personnelles<\/strong><\/h3><p>Comme convenu dans l\u2019article <strong>2 \u2013 1 (Qu\u2019est-ce que parrainer)<\/strong>, NATURE &amp; R\u00c9SIDENCE VILLAGE r\u00e9colte les donn\u00e9es personnelles des parrains et filleuls uniquement dans l\u2019int\u00e9r\u00eat de l\u2019op\u00e9ration de Parrainage.<\/p><p>NATURE &amp; R\u00c9SIDENCE VILLAGE ne transmettra en aucun cas les informations r\u00e9colt\u00e9es sur les parrains et filleuls \u00e0 quelconque tiers ne faisant pas parti de l\u2019entreprise organisatrice, qu\u2019il soit physique ou moral.<\/p>\t\t\t\t\t\t\t\t<\/div>\n\t\t\t\t<\/div>\n\t\t\t\t<div class=\"elementor-element elementor-element-59ea3d4 elementor-widget elementor-widget-text-editor\" data-id=\"59ea3d4\" data-element_type=\"widget\" data-e-type=\"widget\" data-widget_type=\"text-editor.default\">\n\t\t\t\t<div class=\"elementor-widget-container\">\n\t\t\t\t\t\t\t\t\t<h3><strong>Article 5 &#8211; Clause anti-fraude<\/strong><\/h3><p>En tant qu\u2019organisateur de l\u2019op\u00e9ration de Parrainage, NATURE &amp; R\u00c9SIDENCE VILLAGE\u00a0se r\u00e9serve le droit de refuser tout Parrainage qui ne respecterait pas les termes fix\u00e9s dans le r\u00e8glement\u00a0et\/ou tout Parrainage semblant frauduleux.<\/p>\t\t\t\t\t\t\t\t<\/div>\n\t\t\t\t<\/div>\n\t\t\t\t<div class=\"elementor-element elementor-element-481b715 elementor-widget elementor-widget-text-editor\" data-id=\"481b715\" data-element_type=\"widget\" data-e-type=\"widget\" data-widget_type=\"text-editor.default\">\n\t\t\t\t<div class=\"elementor-widget-container\">\n\t\t\t\t\t\t\t\t\t<h3><strong>Article 6 &#8211; Tribunal comp\u00e9tent en cas de litige<\/strong><\/h3><p>En cas de litige entre NATURE &amp; R\u00c9SIDENCE VILLAGE, en tant qu\u2019organisateur de l\u2019op\u00e9ration de Parrainage, et les PARRAINS ou FILLEULS, le tribunal comp\u00e9tent sera le Tribunal d\u2019Instance de Bayonne, <em>17 Avenue de la L\u00e9gion Tch\u00e8que, 64100 Bayonne<\/em>.<\/p>\t\t\t\t\t\t\t\t<\/div>\n\t\t\t\t<\/div>\n\t\t\t\t\t<\/div>\n\t\t<\/div>\n\t\t\t\t\t<\/div>\n\t\t<\/section>\n\t\t\t\t<\/div>","protected":false},"excerpt":{"rendered":"<p>R\u00c8GLEMENT DU PARRAINAGE Article 1 &#8211; Objet du dispositif de Parrainage La pr\u00e9sente op\u00e9ration de Parrainage est organis\u00e9e par la soci\u00e9t\u00e9 NATURE &amp; R\u00c9SIDENCE GROUPE (SAS au capital de 651\u00a0105 euros, dont le si\u00e8ge est situ\u00e9 34 B Route de Pitoys 64600 Anglet, immatricul\u00e9e au RCS de Bayonne sous le N\u00b0 514028964, repr\u00e9sent\u00e9e par NATURE &#8230; <a title=\"Parrainage\" class=\"read-more\" href=\"https:\/\/natureetresidencevillage.com\/en\/parrainage\/\" aria-label=\"Read more about Parrainage\">Read more<\/a><\/p>","protected":false},"author":1,"featured_media":0,"parent":0,"menu_order":0,"comment_status":"closed","ping_status":"closed","template":"elementor_header_footer","meta":{"_acf_changed":false,"footnotes":""},"class_list":["post-5232","page","type-page","status-publish"],"acf":[],"yoast_head":"<!-- This site is optimized with the Yoast SEO plugin v27.3 - https:\/\/yoast.com\/product\/yoast-seo-wordpress\/ -->\n<title>Parrainage - Nature et R\u00e9sidence Village<\/title>\n<meta name=\"robots\" content=\"noindex, nofollow\" \/>\n<meta property=\"og:locale\" content=\"en_GB\" \/>\n<meta property=\"og:type\" content=\"article\" \/>\n<meta property=\"og:title\" content=\"Parrainage - Nature et R\u00e9sidence Village\" \/>\n<meta property=\"og:description\" content=\"R\u00c8GLEMENT DU PARRAINAGE Article 1 &#8211; Objet du dispositif de Parrainage La pr\u00e9sente op\u00e9ration de Parrainage est organis\u00e9e par la soci\u00e9t\u00e9 NATURE &amp; R\u00c9SIDENCE GROUPE (SAS au capital de 651\u00a0105 euros, dont le si\u00e8ge est situ\u00e9 34 B Route de Pitoys 64600 Anglet, immatricul\u00e9e au RCS de Bayonne sous le N\u00b0 514028964, repr\u00e9sent\u00e9e par NATURE ... Read more\" \/>\n<meta property=\"og:url\" content=\"https:\/\/natureetresidencevillage.com\/en\/parrainage\/\" \/>\n<meta property=\"og:site_name\" content=\"Nature et R\u00e9sidence Village\" \/>\n<meta property=\"article:publisher\" content=\"https:\/\/www.facebook.com\/natureetresidence\/\" \/>\n<meta property=\"article:modified_time\" content=\"2023-12-22T08:39:52+00:00\" \/>\n<meta name=\"twitter:card\" content=\"summary_large_image\" \/>\n<meta name=\"twitter:label1\" content=\"Estimated reading time\" \/>\n\t<meta name=\"twitter:data1\" content=\"6 minutes\" \/>\n<script type=\"application\/ld+json\" class=\"yoast-schema-graph\">{\"@context\":\"https:\\\/\\\/schema.org\",\"@graph\":[{\"@type\":\"WebPage\",\"@id\":\"https:\\\/\\\/natureetresidencevillage.com\\\/parrainage\\\/\",\"url\":\"https:\\\/\\\/natureetresidencevillage.com\\\/parrainage\\\/\",\"name\":\"Parrainage - Nature et R\u00e9sidence Village\",\"isPartOf\":{\"@id\":\"https:\\\/\\\/natureetresidencevillage.com\\\/#website\"},\"datePublished\":\"2021-04-19T08:39:39+00:00\",\"dateModified\":\"2023-12-22T08:39:52+00:00\",\"breadcrumb\":{\"@id\":\"https:\\\/\\\/natureetresidencevillage.com\\\/parrainage\\\/#breadcrumb\"},\"inLanguage\":\"en-GB\",\"potentialAction\":[{\"@type\":\"ReadAction\",\"target\":[\"https:\\\/\\\/natureetresidencevillage.com\\\/parrainage\\\/\"]}]},{\"@type\":\"BreadcrumbList\",\"@id\":\"https:\\\/\\\/natureetresidencevillage.com\\\/parrainage\\\/#breadcrumb\",\"itemListElement\":[{\"@type\":\"ListItem\",\"position\":1,\"name\":\"Nature et R\u00e9sidence Village\",\"item\":\"https:\\\/\\\/natureetresidencevillage.com\\\/\"},{\"@type\":\"ListItem\",\"position\":2,\"name\":\"Parrainage\"}]},{\"@type\":\"WebSite\",\"@id\":\"https:\\\/\\\/natureetresidencevillage.com\\\/#website\",\"url\":\"https:\\\/\\\/natureetresidencevillage.com\\\/\",\"name\":\"Nature et R\u00e9sidence Village\",\"description\":\"Un site utilisant WordPress\",\"publisher\":{\"@id\":\"https:\\\/\\\/natureetresidencevillage.com\\\/#organization\"},\"potentialAction\":[{\"@type\":\"SearchAction\",\"target\":{\"@type\":\"EntryPoint\",\"urlTemplate\":\"https:\\\/\\\/natureetresidencevillage.com\\\/?s={search_term_string}\"},\"query-input\":{\"@type\":\"PropertyValueSpecification\",\"valueRequired\":true,\"valueName\":\"search_term_string\"}}],\"inLanguage\":\"en-GB\"},{\"@type\":\"Organization\",\"@id\":\"https:\\\/\\\/natureetresidencevillage.com\\\/#organization\",\"name\":\"Nature & R\u00e9sidence Village\",\"url\":\"https:\\\/\\\/natureetresidencevillage.com\\\/\",\"logo\":{\"@type\":\"ImageObject\",\"inLanguage\":\"en-GB\",\"@id\":\"https:\\\/\\\/natureetresidencevillage.com\\\/#\\\/schema\\\/logo\\\/image\\\/\",\"url\":\"https:\\\/\\\/natureetresidencevillage.com\\\/wp-content\\\/uploads\\\/2019\\\/12\\\/logo-nature-residence-village-ss-baseline.jpg\",\"contentUrl\":\"https:\\\/\\\/natureetresidencevillage.com\\\/wp-content\\\/uploads\\\/2019\\\/12\\\/logo-nature-residence-village-ss-baseline.jpg\",\"width\":800,\"height\":280,\"caption\":\"Nature & R\u00e9sidence Village\"},\"image\":{\"@id\":\"https:\\\/\\\/natureetresidencevillage.com\\\/#\\\/schema\\\/logo\\\/image\\\/\"},\"sameAs\":[\"https:\\\/\\\/www.facebook.com\\\/natureetresidence\\\/\",\"https:\\\/\\\/www.instagram.com\\\/nature_et_residence\\\/\",\"https:\\\/\\\/www.pinterest.fr\\\/natureetresidence\\\/\"]}]}<\/script>\n<!-- \/ Yoast SEO plugin. -->","yoast_head_json":{"title":"Parrainage - Nature et R\u00e9sidence Village","robots":{"index":"noindex","follow":"nofollow"},"og_locale":"en_GB","og_type":"article","og_title":"Parrainage - Nature et R\u00e9sidence Village","og_description":"R\u00c8GLEMENT DU PARRAINAGE Article 1 &#8211; Objet du dispositif de Parrainage La pr\u00e9sente op\u00e9ration de Parrainage est organis\u00e9e par la soci\u00e9t\u00e9 NATURE &amp; R\u00c9SIDENCE GROUPE (SAS au capital de 651\u00a0105 euros, dont le si\u00e8ge est situ\u00e9 34 B Route de Pitoys 64600 Anglet, immatricul\u00e9e au RCS de Bayonne sous le N\u00b0 514028964, repr\u00e9sent\u00e9e par NATURE ... Read more","og_url":"https:\/\/natureetresidencevillage.com\/en\/parrainage\/","og_site_name":"Nature et R\u00e9sidence Village","article_publisher":"https:\/\/www.facebook.com\/natureetresidence\/","article_modified_time":"2023-12-22T08:39:52+00:00","twitter_card":"summary_large_image","twitter_misc":{"Estimated reading time":"6 minutes"},"schema":{"@context":"https:\/\/schema.org","@graph":[{"@type":"WebPage","@id":"https:\/\/natureetresidencevillage.com\/parrainage\/","url":"https:\/\/natureetresidencevillage.com\/parrainage\/","name":"Parrainage - Nature et R\u00e9sidence Village","isPartOf":{"@id":"https:\/\/natureetresidencevillage.com\/#website"},"datePublished":"2021-04-19T08:39:39+00:00","dateModified":"2023-12-22T08:39:52+00:00","breadcrumb":{"@id":"https:\/\/natureetresidencevillage.com\/parrainage\/#breadcrumb"},"inLanguage":"en-GB","potentialAction":[{"@type":"ReadAction","target":["https:\/\/natureetresidencevillage.com\/parrainage\/"]}]},{"@type":"BreadcrumbList","@id":"https:\/\/natureetresidencevillage.com\/parrainage\/#breadcrumb","itemListElement":[{"@type":"ListItem","position":1,"name":"Nature et R\u00e9sidence Village","item":"https:\/\/natureetresidencevillage.com\/"},{"@type":"ListItem","position":2,"name":"Parrainage"}]},{"@type":"WebSite","@id":"https:\/\/natureetresidencevillage.com\/#website","url":"https:\/\/natureetresidencevillage.com\/","name":"Nature et R\u00e9sidence Village","description":"Un site utilisant WordPress","publisher":{"@id":"https:\/\/natureetresidencevillage.com\/#organization"},"potentialAction":[{"@type":"SearchAction","target":{"@type":"EntryPoint","urlTemplate":"https:\/\/natureetresidencevillage.com\/?s={search_term_string}"},"query-input":{"@type":"PropertyValueSpecification","valueRequired":true,"valueName":"search_term_string"}}],"inLanguage":"en-GB"},{"@type":"Organization","@id":"https:\/\/natureetresidencevillage.com\/#organization","name":"Nature & R\u00e9sidence Village","url":"https:\/\/natureetresidencevillage.com\/","logo":{"@type":"ImageObject","inLanguage":"en-GB","@id":"https:\/\/natureetresidencevillage.com\/#\/schema\/logo\/image\/","url":"https:\/\/natureetresidencevillage.com\/wp-content\/uploads\/2019\/12\/logo-nature-residence-village-ss-baseline.jpg","contentUrl":"https:\/\/natureetresidencevillage.com\/wp-content\/uploads\/2019\/12\/logo-nature-residence-village-ss-baseline.jpg","width":800,"height":280,"caption":"Nature & R\u00e9sidence Village"},"image":{"@id":"https:\/\/natureetresidencevillage.com\/#\/schema\/logo\/image\/"},"sameAs":["https:\/\/www.facebook.com\/natureetresidence\/","https:\/\/www.instagram.com\/nature_et_residence\/","https:\/\/www.pinterest.fr\/natureetresidence\/"]}]}},"_links":{"self":[{"href":"https:\/\/natureetresidencevillage.com\/en\/wp-json\/wp\/v2\/pages\/5232","targetHints":{"allow":["GET"]}}],"collection":[{"href":"https:\/\/natureetresidencevillage.com\/en\/wp-json\/wp\/v2\/pages"}],"about":[{"href":"https:\/\/natureetresidencevillage.com\/en\/wp-json\/wp\/v2\/types\/page"}],"author":[{"embeddable":true,"href":"https:\/\/natureetresidencevillage.com\/en\/wp-json\/wp\/v2\/users\/1"}],"replies":[{"embeddable":true,"href":"https:\/\/natureetresidencevillage.com\/en\/wp-json\/wp\/v2\/comments?post=5232"}],"version-history":[{"count":1,"href":"https:\/\/natureetresidencevillage.com\/en\/wp-json\/wp\/v2\/pages\/5232\/revisions"}],"predecessor-version":[{"id":12142,"href":"https:\/\/natureetresidencevillage.com\/en\/wp-json\/wp\/v2\/pages\/5232\/revisions\/12142"}],"wp:attachment":[{"href":"https:\/\/natureetresidencevillage.com\/en\/wp-json\/wp\/v2\/media?parent=5232"}],"curies":[{"name":"wp","href":"https:\/\/api.w.org\/{rel}","templated":true}]}}